{"id":2724,"date":"2025-03-26T15:55:13","date_gmt":"2025-03-26T15:55:13","guid":{"rendered":"https:\/\/amalurpsicomotricidad.rkinformatika.online\/?page_id=2724"},"modified":"2026-01-13T16:02:14","modified_gmt":"2026-01-13T16:02:14","slug":"orientacion-familiar","status":"publish","type":"page","link":"https:\/\/amalurpsicomotricidad.com\/eu\/orientacion-familiar\/","title":{"rendered":"Familia orientazioa"},"content":{"rendered":"<div data-elementor-type=\"wp-page\" data-elementor-id=\"2724\" class=\"elementor elementor-2724\" data-elementor-post-type=\"page\">\n\t\t\t\t<div class=\"elementor-element elementor-element-536fd39 e-flex e-con-boxed e-con e-parent\" data-id=\"536fd39\" data-element_type=\"container\" data-e-type=\"container\" data-settings=\"{&quot;background_background&quot;:&quot;classic&quot;}\">\n\t\t\t\t\t<div class=\"e-con-inner\">\n\t\t\t\t\t<\/div>\n\t\t\t\t<\/div>\n\t\t<div class=\"elementor-element elementor-element-8290102 e-flex e-con-boxed e-con e-parent\" data-id=\"8290102\" data-element_type=\"container\" data-e-type=\"container\" id=\"orientaci\u00f3n-familiar-individual\" data-settings=\"{&quot;background_background&quot;:&quot;classic&quot;}\">\n\t\t\t\t\t<div class=\"e-con-inner\">\n\t\t\t\t\t<\/div>\n\t\t\t\t<\/div>\n\t\t<div class=\"elementor-element elementor-element-0f0dd14 e-flex e-con-boxed e-con e-parent\" data-id=\"0f0dd14\" data-element_type=\"container\" data-e-type=\"container\" data-settings=\"{&quot;background_background&quot;:&quot;classic&quot;}\">\n\t\t\t\t\t<div class=\"e-con-inner\">\n\t\t<div class=\"elementor-element elementor-element-d679141 e-con-full e-flex e-con e-child\" data-id=\"d679141\" data-element_type=\"container\" data-e-type=\"container\">\n\t\t\t\t<div class=\"elementor-element elementor-element-facab64 elementor-widget elementor-widget-heading\" data-id=\"facab64\" data-element_type=\"widget\" data-e-type=\"widget\" data-widget_type=\"heading.default\">\n\t\t\t\t<div class=\"elementor-widget-container\">\n\t\t\t\t\t<h2 class=\"elementor-heading-title elementor-size-default\">Banakako familia-orientazioa<\/h2>\t\t\t\t<\/div>\n\t\t\t\t<\/div>\n\t\t\t\t<div class=\"elementor-element elementor-element-4a8fafe elementor-widget elementor-widget-text-editor\" data-id=\"4a8fafe\" data-element_type=\"widget\" data-e-type=\"widget\" data-widget_type=\"text-editor.default\">\n\t\t\t\t<div class=\"elementor-widget-container\">\n\t\t\t\t\t\t\t\t\t<p class=\"\" data-start=\"37\" data-end=\"335\">La crianza est\u00e1 llena de momentos intensos, dudas, contradicciones y decisiones importantes. En Amalur ofrecemos espacios individuales de orientaci\u00f3n familiar, donde madres, padres y figuras cuidadoras pueden abordar inquietudes relacionadas con el desarrollo infantil, la convivencia y el v\u00ednculo.<\/p><p class=\"\" data-start=\"337\" data-end=\"648\">Este acompa\u00f1amiento puede surgir como apoyo ante una situaci\u00f3n concreta o desde una perspectiva preventiva. Hablamos de lo que muchas familias viven en el d\u00eda a d\u00eda: rabietas, l\u00edmites, relaciones entre hermanos y hermanas, uso de pantallas, ansiedad ante la escolarizaci\u00f3n, miedos, cambios vitales, entre otros.<\/p><p class=\"\" data-start=\"650\" data-end=\"1044\">En este espacio ofrecemos escucha, contenci\u00f3n y herramientas adaptadas a cada familia, siempre con el objetivo de fortalecer el v\u00ednculo y promover un acompa\u00f1amiento m\u00e1s consciente, seguro y respetuoso. En muchos casos, trabajamos en coordinaci\u00f3n con las profesionales de psicomotricidad que acompa\u00f1an a los ni\u00f1os y ni\u00f1as, compartiendo miradas que enriquecen la comprensi\u00f3n del sistema familiar.<\/p><p class=\"\" data-start=\"1046\" data-end=\"1313\">Porque acompa\u00f1ar solo a la infancia, sin mirar el entorno que la sostiene, es como querer que una planta crezca sin cuidar los factores ambientales. Cuando madres, padres y figuras adultas se implican en el proceso, los cambios se consolidan con m\u00e1s fuerza y sentido.<\/p>\t\t\t\t\t\t\t\t<\/div>\n\t\t\t\t<\/div>\n\t\t\t\t<\/div>\n\t\t<div class=\"elementor-element elementor-element-cf5cc5c e-con-full e-flex e-con e-child\" data-id=\"cf5cc5c\" data-element_type=\"container\" data-e-type=\"container\" data-settings=\"{&quot;background_background&quot;:&quot;classic&quot;}\">\n\t\t\t\t<div class=\"elementor-element elementor-element-e8be81b elementor-widget elementor-widget-spacer\" data-id=\"e8be81b\" data-element_type=\"widget\" data-e-type=\"widget\" data-widget_type=\"spacer.default\">\n\t\t\t\t<div class=\"elementor-widget-container\">\n\t\t\t\t\t\t\t<div class=\"elementor-spacer\">\n\t\t\t<div class=\"elementor-spacer-inner\"><\/div>\n\t\t<\/div>\n\t\t\t\t\t\t<\/div>\n\t\t\t\t<\/div>\n\t\t\t\t<\/div>\n\t\t\t\t\t<\/div>\n\t\t\t\t<\/div>\n\t\t<div class=\"elementor-element elementor-element-38994a7 e-flex e-con-boxed e-con e-parent\" data-id=\"38994a7\" data-element_type=\"container\" data-e-type=\"container\" id=\"tallers-psicoeducativos\" data-settings=\"{&quot;background_background&quot;:&quot;classic&quot;}\">\n\t\t\t\t\t<div class=\"e-con-inner\">\n\t\t\t\t\t<\/div>\n\t\t\t\t<\/div>\n\t\t<div class=\"elementor-element elementor-element-728763a e-flex e-con-boxed e-con e-parent\" data-id=\"728763a\" data-element_type=\"container\" data-e-type=\"container\" data-settings=\"{&quot;background_background&quot;:&quot;classic&quot;}\">\n\t\t\t\t\t<div class=\"e-con-inner\">\n\t\t<div class=\"elementor-element elementor-element-58f2451 e-con-full e-flex e-con e-child\" data-id=\"58f2451\" data-element_type=\"container\" data-e-type=\"container\">\n\t\t\t\t<div class=\"elementor-element elementor-element-e27d199 elementor-widget elementor-widget-heading\" data-id=\"e27d199\" data-element_type=\"widget\" data-e-type=\"widget\" data-widget_type=\"heading.default\">\n\t\t\t\t<div class=\"elementor-widget-container\">\n\t\t\t\t\t<h2 class=\"elementor-heading-title elementor-size-default\">Talleres psicoeducativos en grupo<\/h2>\t\t\t\t<\/div>\n\t\t\t\t<\/div>\n\t\t\t\t<div class=\"elementor-element elementor-element-35955a0 elementor-widget elementor-widget-text-editor\" data-id=\"35955a0\" data-element_type=\"widget\" data-e-type=\"widget\" data-widget_type=\"text-editor.default\">\n\t\t\t\t<div class=\"elementor-widget-container\">\n\t\t\t\t\t\t\t\t\t<p class=\"\" data-start=\"1359\" data-end=\"1646\">En nuestras sesiones familiares escuchamos a menudo preocupaciones que no son individuales, sino compartidas por muchas personas que acompa\u00f1an a la infancia. Por eso, en Amalur tambi\u00e9n ofrecemos talleres psicoeducativos grupales, donde poder pensar, sentir y aprender de forma colectiva.<\/p><p class=\"\" data-start=\"1648\" data-end=\"1865\">Vivimos en una sociedad que ha perdido poco a poco la red entre familias. Estos espacios buscan recuperar esa sensaci\u00f3n de tribu, donde cada experiencia cuenta, se valida y se convierte en recurso para otras personas.<\/p><p class=\"\" data-start=\"1867\" data-end=\"1918\">Abordamos temas muy presentes en la crianza actual:<\/p><ul data-start=\"1920\" data-end=\"2195\"><li class=\"\" data-start=\"1920\" data-end=\"1953\"><p class=\"\" data-start=\"1922\" data-end=\"1953\">motivaci\u00f3n para los estudios,<\/p><\/li><li class=\"\" data-start=\"1954\" data-end=\"1969\"><p class=\"\" data-start=\"1956\" data-end=\"1969\">autoestima,<\/p><\/li><li class=\"\" data-start=\"1970\" data-end=\"1985\"><p class=\"\" data-start=\"1972\" data-end=\"1985\">sexualidad,<\/p><\/li><li class=\"\" data-start=\"1986\" data-end=\"2037\"><p class=\"\" data-start=\"1988\" data-end=\"2037\">acompa\u00f1amiento de diagn\u00f3sticos como TEA o TDAH,<\/p><\/li><li class=\"\" data-start=\"2038\" data-end=\"2057\"><p class=\"\" data-start=\"2040\" data-end=\"2057\">duelo infantil,<\/p><\/li><li class=\"\" data-start=\"2058\" data-end=\"2135\"><p class=\"\" data-start=\"2060\" data-end=\"2135\">conflictos cotidianos (mentiras, conducta desafiante, rabietas, miedos\u2026),<\/p><\/li><li class=\"\" data-start=\"2136\" data-end=\"2157\"><p class=\"\" data-start=\"2138\" data-end=\"2157\">uso de pantallas,<\/p><\/li><li class=\"\" data-start=\"2158\" data-end=\"2195\"><p class=\"\" data-start=\"2160\" data-end=\"2195\">drogas, pornograf\u00eda, entre otros.<\/p><\/li><\/ul><p class=\"\" data-start=\"2197\" data-end=\"2482\">Los talleres est\u00e1n guiados por profesionales con formaci\u00f3n espec\u00edfica en psicolog\u00eda, psicomotricidad y acompa\u00f1amiento familiar. Proponemos informaci\u00f3n clara y actualizada, abrimos espacio al intercambio y generamos un ambiente de confianza donde cada quien pueda participar a su ritmo.<\/p><p class=\"\" data-start=\"2484\" data-end=\"2624\">Pueden realizarse tanto en nuestro centro como en otros espacios a solicitud de AMPAS, escuelas, asociaciones u otras entidades interesadas.<\/p>\t\t\t\t\t\t\t\t<\/div>\n\t\t\t\t<\/div>\n\t\t\t\t<\/div>\n\t\t<div class=\"elementor-element elementor-element-4feba5e e-con-full e-flex e-con e-child\" data-id=\"4feba5e\" data-element_type=\"container\" data-e-type=\"container\" data-settings=\"{&quot;background_background&quot;:&quot;classic&quot;}\">\n\t\t\t\t<div class=\"elementor-element elementor-element-e191f89 elementor-widget elementor-widget-spacer\" data-id=\"e191f89\" data-element_type=\"widget\" data-e-type=\"widget\" data-widget_type=\"spacer.default\">\n\t\t\t\t<div class=\"elementor-widget-container\">\n\t\t\t\t\t\t\t<div class=\"elementor-spacer\">\n\t\t\t<div class=\"elementor-spacer-inner\"><\/div>\n\t\t<\/div>\n\t\t\t\t\t\t<\/div>\n\t\t\t\t<\/div>\n\t\t\t\t<\/div>\n\t\t\t\t\t<\/div>\n\t\t\t\t<\/div>\n\t\t<div class=\"elementor-element elementor-element-0bbc65f e-flex e-con-boxed e-con e-parent\" data-id=\"0bbc65f\" data-element_type=\"container\" data-e-type=\"container\" data-settings=\"{&quot;background_background&quot;:&quot;classic&quot;}\">\n\t\t\t\t\t<div class=\"e-con-inner\">\n\t\t<div class=\"elementor-element elementor-element-1477ed8 e-con-full e-flex e-con e-child\" data-id=\"1477ed8\" data-element_type=\"container\" data-e-type=\"container\">\n\t\t\t\t<div class=\"elementor-element elementor-element-bda2214 elementor-widget elementor-widget-heading\" data-id=\"bda2214\" data-element_type=\"widget\" data-e-type=\"widget\" data-widget_type=\"heading.default\">\n\t\t\t\t<div class=\"elementor-widget-container\">\n\t\t\t\t\t<h2 class=\"elementor-heading-title elementor-size-default\">Informa zaitez konpromisorik gabe<\/h2>\t\t\t\t<\/div>\n\t\t\t\t<\/div>\n\t\t\t\t<\/div>\n\t\t<div class=\"elementor-element elementor-element-633b9da e-con-full e-flex e-con e-child\" data-id=\"633b9da\" data-element_type=\"container\" data-e-type=\"container\">\n\t\t\t\t<div class=\"elementor-element elementor-element-2ec202a elementor-align-justify elementor-tablet-align-center elementor-widget elementor-widget-button\" data-id=\"2ec202a\" data-element_type=\"widget\" data-e-type=\"widget\" data-widget_type=\"button.default\">\n\t\t\t\t<div class=\"elementor-widget-container\">\n\t\t\t\t\t\t\t\t\t<div class=\"elementor-button-wrapper\">\n\t\t\t\t\t<a class=\"elementor-button elementor-button-link elementor-size-sm elementor-animation-grow\" href=\"https:\/\/amalurpsicomotricidad.com\/eu\/contacto\/\">\n\t\t\t\t\t\t<span class=\"elementor-button-content-wrapper\">\n\t\t\t\t\t\t\t\t\t<span class=\"elementor-button-text\">Kontaktua<\/span>\n\t\t\t\t\t<\/span>\n\t\t\t\t\t<\/a>\n\t\t\t\t<\/div>\n\t\t\t\t\t\t\t\t<\/div>\n\t\t\t\t<\/div>\n\t\t\t\t<\/div>\n\t\t\t\t\t<\/div>\n\t\t\t\t<\/div>\n\t\t\t\t<\/div>","protected":false},"excerpt":{"rendered":"<p>Orientaci\u00f3n familiar individual La crianza est\u00e1 llena de momentos intensos, dudas, contradicciones y decisiones importantes. En Amalur ofrecemos espacios individuales de orientaci\u00f3n familiar, donde madres, padres y figuras cuidadoras pueden abordar inquietudes relacionadas con el desarrollo infantil, la convivencia y el v\u00ednculo. Este acompa\u00f1amiento puede surgir como apoyo ante una situaci\u00f3n concreta o desde una [&hellip;]<\/p>\n","protected":false},"author":1,"featured_media":0,"parent":0,"menu_order":0,"comment_status":"closed","ping_status":"closed","template":"elementor_canvas","meta":{"footnotes":""},"class_list":["post-2724","page","type-page","status-publish","hentry"],"yoast_head":"<!-- This site is optimized with the Yoast SEO plugin v27.3 - https:\/\/yoast.com\/product\/yoast-seo-wordpress\/ -->\n<title>Orientaci\u00f3n Familiar - Amalur<\/title>\n<meta name=\"robots\" content=\"index, follow, max-snippet:-1, max-image-preview:large, max-video-preview:-1\" \/>\n<link rel=\"canonical\" href=\"https:\/\/amalurpsicomotricidad.com\/eu\/orientacion-familiar\/\" \/>\n<meta property=\"og:locale\" content=\"en_US\" \/>\n<meta property=\"og:type\" content=\"article\" \/>\n<meta property=\"og:title\" content=\"Orientaci\u00f3n Familiar - Amalur\" \/>\n<meta property=\"og:description\" content=\"Orientaci\u00f3n familiar individual La crianza est\u00e1 llena de momentos intensos, dudas, contradicciones y decisiones importantes. En Amalur ofrecemos espacios individuales de orientaci\u00f3n familiar, donde madres, padres y figuras cuidadoras pueden abordar inquietudes relacionadas con el desarrollo infantil, la convivencia y el v\u00ednculo. Este acompa\u00f1amiento puede surgir como apoyo ante una situaci\u00f3n concreta o desde una [&hellip;]\" \/>\n<meta property=\"og:url\" content=\"https:\/\/amalurpsicomotricidad.com\/eu\/orientacion-familiar\/\" \/>\n<meta property=\"og:site_name\" content=\"Amalur\" \/>\n<meta property=\"article:modified_time\" content=\"2026-01-13T16:02:14+00:00\" \/>\n<meta name=\"twitter:card\" content=\"summary_large_image\" \/>\n<meta name=\"twitter:label1\" content=\"Est. reading time\" \/>\n\t<meta name=\"twitter:data1\" content=\"2 minutua\" \/>\n<script type=\"application\/ld+json\" class=\"yoast-schema-graph\">{\"@context\":\"https:\\\/\\\/schema.org\",\"@graph\":[{\"@type\":\"WebPage\",\"@id\":\"https:\\\/\\\/amalurpsicomotricidad.com\\\/orientacion-familiar\\\/\",\"url\":\"https:\\\/\\\/amalurpsicomotricidad.com\\\/orientacion-familiar\\\/\",\"name\":\"Orientaci\u00f3n Familiar - Amalur\",\"isPartOf\":{\"@id\":\"https:\\\/\\\/amalurpsicomotricidad.com\\\/#website\"},\"datePublished\":\"2025-03-26T15:55:13+00:00\",\"dateModified\":\"2026-01-13T16:02:14+00:00\",\"breadcrumb\":{\"@id\":\"https:\\\/\\\/amalurpsicomotricidad.com\\\/orientacion-familiar\\\/#breadcrumb\"},\"inLanguage\":\"eu\",\"potentialAction\":[{\"@type\":\"ReadAction\",\"target\":[\"https:\\\/\\\/amalurpsicomotricidad.com\\\/orientacion-familiar\\\/\"]}]},{\"@type\":\"BreadcrumbList\",\"@id\":\"https:\\\/\\\/amalurpsicomotricidad.com\\\/orientacion-familiar\\\/#breadcrumb\",\"itemListElement\":[{\"@type\":\"ListItem\",\"position\":1,\"name\":\"Portada\",\"item\":\"https:\\\/\\\/amalurpsicomotricidad.com\\\/\"},{\"@type\":\"ListItem\",\"position\":2,\"name\":\"Orientaci\u00f3n Familiar\"}]},{\"@type\":\"WebSite\",\"@id\":\"https:\\\/\\\/amalurpsicomotricidad.com\\\/#website\",\"url\":\"https:\\\/\\\/amalurpsicomotricidad.com\\\/\",\"name\":\"Amalur\",\"description\":\"\",\"publisher\":{\"@id\":\"https:\\\/\\\/amalurpsicomotricidad.com\\\/#organization\"},\"potentialAction\":[{\"@type\":\"SearchAction\",\"target\":{\"@type\":\"EntryPoint\",\"urlTemplate\":\"https:\\\/\\\/amalurpsicomotricidad.com\\\/?s={search_term_string}\"},\"query-input\":{\"@type\":\"PropertyValueSpecification\",\"valueRequired\":true,\"valueName\":\"search_term_string\"}}],\"inLanguage\":\"eu\"},{\"@type\":\"Organization\",\"@id\":\"https:\\\/\\\/amalurpsicomotricidad.com\\\/#organization\",\"name\":\"Amalur\",\"url\":\"https:\\\/\\\/amalurpsicomotricidad.com\\\/\",\"logo\":{\"@type\":\"ImageObject\",\"inLanguage\":\"eu\",\"@id\":\"https:\\\/\\\/amalurpsicomotricidad.com\\\/#\\\/schema\\\/logo\\\/image\\\/\",\"url\":\"https:\\\/\\\/amalurpsicomotricidad.com\\\/wp-content\\\/uploads\\\/2025\\\/03\\\/cropped-Captura_desde_2025-03-05_12-10-13-removebg-preview.png\",\"contentUrl\":\"https:\\\/\\\/amalurpsicomotricidad.com\\\/wp-content\\\/uploads\\\/2025\\\/03\\\/cropped-Captura_desde_2025-03-05_12-10-13-removebg-preview.png\",\"width\":534,\"height\":362,\"caption\":\"Amalur\"},\"image\":{\"@id\":\"https:\\\/\\\/amalurpsicomotricidad.com\\\/#\\\/schema\\\/logo\\\/image\\\/\"}}]}<\/script>\n<!-- \/ Yoast SEO plugin. -->","yoast_head_json":{"title":"Orientaci\u00f3n Familiar - Amalur","robots":{"index":"index","follow":"follow","max-snippet":"max-snippet:-1","max-image-preview":"max-image-preview:large","max-video-preview":"max-video-preview:-1"},"canonical":"https:\/\/amalurpsicomotricidad.com\/eu\/orientacion-familiar\/","og_locale":"en_US","og_type":"article","og_title":"Orientaci\u00f3n Familiar - Amalur","og_description":"Orientaci\u00f3n familiar individual La crianza est\u00e1 llena de momentos intensos, dudas, contradicciones y decisiones importantes. En Amalur ofrecemos espacios individuales de orientaci\u00f3n familiar, donde madres, padres y figuras cuidadoras pueden abordar inquietudes relacionadas con el desarrollo infantil, la convivencia y el v\u00ednculo. Este acompa\u00f1amiento puede surgir como apoyo ante una situaci\u00f3n concreta o desde una [&hellip;]","og_url":"https:\/\/amalurpsicomotricidad.com\/eu\/orientacion-familiar\/","og_site_name":"Amalur","article_modified_time":"2026-01-13T16:02:14+00:00","twitter_card":"summary_large_image","twitter_misc":{"Est. reading time":"2 minutua"},"schema":{"@context":"https:\/\/schema.org","@graph":[{"@type":"WebPage","@id":"https:\/\/amalurpsicomotricidad.com\/orientacion-familiar\/","url":"https:\/\/amalurpsicomotricidad.com\/orientacion-familiar\/","name":"Orientaci\u00f3n Familiar - Amalur","isPartOf":{"@id":"https:\/\/amalurpsicomotricidad.com\/#website"},"datePublished":"2025-03-26T15:55:13+00:00","dateModified":"2026-01-13T16:02:14+00:00","breadcrumb":{"@id":"https:\/\/amalurpsicomotricidad.com\/orientacion-familiar\/#breadcrumb"},"inLanguage":"eu","potentialAction":[{"@type":"ReadAction","target":["https:\/\/amalurpsicomotricidad.com\/orientacion-familiar\/"]}]},{"@type":"BreadcrumbList","@id":"https:\/\/amalurpsicomotricidad.com\/orientacion-familiar\/#breadcrumb","itemListElement":[{"@type":"ListItem","position":1,"name":"Portada","item":"https:\/\/amalurpsicomotricidad.com\/"},{"@type":"ListItem","position":2,"name":"Orientaci\u00f3n Familiar"}]},{"@type":"WebSite","@id":"https:\/\/amalurpsicomotricidad.com\/#website","url":"https:\/\/amalurpsicomotricidad.com\/","name":"Amalur","description":"","publisher":{"@id":"https:\/\/amalurpsicomotricidad.com\/#organization"},"potentialAction":[{"@type":"SearchAction","target":{"@type":"EntryPoint","urlTemplate":"https:\/\/amalurpsicomotricidad.com\/?s={search_term_string}"},"query-input":{"@type":"PropertyValueSpecification","valueRequired":true,"valueName":"search_term_string"}}],"inLanguage":"eu"},{"@type":"Organization","@id":"https:\/\/amalurpsicomotricidad.com\/#organization","name":"Amalur","url":"https:\/\/amalurpsicomotricidad.com\/","logo":{"@type":"ImageObject","inLanguage":"eu","@id":"https:\/\/amalurpsicomotricidad.com\/#\/schema\/logo\/image\/","url":"https:\/\/amalurpsicomotricidad.com\/wp-content\/uploads\/2025\/03\/cropped-Captura_desde_2025-03-05_12-10-13-removebg-preview.png","contentUrl":"https:\/\/amalurpsicomotricidad.com\/wp-content\/uploads\/2025\/03\/cropped-Captura_desde_2025-03-05_12-10-13-removebg-preview.png","width":534,"height":362,"caption":"Amalur"},"image":{"@id":"https:\/\/amalurpsicomotricidad.com\/#\/schema\/logo\/image\/"}}]}},"_links":{"self":[{"href":"https:\/\/amalurpsicomotricidad.com\/eu\/wp-json\/wp\/v2\/pages\/2724","targetHints":{"allow":["GET"]}}],"collection":[{"href":"https:\/\/amalurpsicomotricidad.com\/eu\/wp-json\/wp\/v2\/pages"}],"about":[{"href":"https:\/\/amalurpsicomotricidad.com\/eu\/wp-json\/wp\/v2\/types\/page"}],"author":[{"embeddable":true,"href":"https:\/\/amalurpsicomotricidad.com\/eu\/wp-json\/wp\/v2\/users\/1"}],"replies":[{"embeddable":true,"href":"https:\/\/amalurpsicomotricidad.com\/eu\/wp-json\/wp\/v2\/comments?post=2724"}],"version-history":[{"count":118,"href":"https:\/\/amalurpsicomotricidad.com\/eu\/wp-json\/wp\/v2\/pages\/2724\/revisions"}],"predecessor-version":[{"id":5311,"href":"https:\/\/amalurpsicomotricidad.com\/eu\/wp-json\/wp\/v2\/pages\/2724\/revisions\/5311"}],"wp:attachment":[{"href":"https:\/\/amalurpsicomotricidad.com\/eu\/wp-json\/wp\/v2\/media?parent=2724"}],"curies":[{"name":"wp","href":"https:\/\/api.w.org\/{rel}","templated":true}]}}