{"id":2722,"date":"2025-03-26T15:54:22","date_gmt":"2025-03-26T15:54:22","guid":{"rendered":"https:\/\/amalurpsicomotricidad.rkinformatika.online\/?page_id=2722"},"modified":"2026-01-13T16:05:40","modified_gmt":"2026-01-13T16:05:40","slug":"psicomotricidad","status":"publish","type":"page","link":"https:\/\/amalurpsicomotricidad.com\/eu\/psicomotricidad\/","title":{"rendered":"Psikomotrizitatea"},"content":{"rendered":"<div data-elementor-type=\"wp-page\" data-elementor-id=\"2722\" class=\"elementor elementor-2722\" data-elementor-post-type=\"page\">\n\t\t\t\t<div class=\"elementor-element elementor-element-46d8551 e-flex e-con-boxed e-con e-parent\" data-id=\"46d8551\" data-element_type=\"container\" data-e-type=\"container\" data-settings=\"{&quot;background_background&quot;:&quot;classic&quot;}\">\n\t\t\t\t\t<div class=\"e-con-inner\">\n\t\t\t\t<div class=\"elementor-element elementor-element-eabc1ec elementor-widget elementor-widget-heading\" data-id=\"eabc1ec\" data-element_type=\"widget\" data-e-type=\"widget\" data-widget_type=\"heading.default\">\n\t\t\t\t<div class=\"elementor-widget-container\">\n\t\t\t\t\t<h2 class=\"elementor-heading-title elementor-size-default\">Psikomotrizitatea<\/h2>\t\t\t\t<\/div>\n\t\t\t\t<\/div>\n\t\t\t\t\t<\/div>\n\t\t\t\t<\/div>\n\t\t<div class=\"elementor-element elementor-element-5fa469f e-flex e-con-boxed e-con e-parent\" data-id=\"5fa469f\" data-element_type=\"container\" data-e-type=\"container\" data-settings=\"{&quot;background_background&quot;:&quot;classic&quot;}\">\n\t\t\t\t\t<div class=\"e-con-inner\">\n\t\t\t\t<div class=\"elementor-element elementor-element-c952240 elementor-widget elementor-widget-text-editor\" data-id=\"c952240\" data-element_type=\"widget\" data-e-type=\"widget\" data-widget_type=\"text-editor.default\">\n\t\t\t\t<div class=\"elementor-widget-container\">\n\t\t\t\t\t\t\t\t\t<p class=\"\" data-start=\"76\" data-end=\"363\">La psicomotricidad es una pr\u00e1ctica que acompa\u00f1a el desarrollo de ni\u00f1as y ni\u00f1os desde el cuerpo, el movimiento, el juego y la relaci\u00f3n. A trav\u00e9s del juego libre y el placer de moverse, expresan lo que sienten, elaboran sus vivencias, construyen su identidad y desarrollan sus capacidades.<\/p><p class=\"\" data-start=\"365\" data-end=\"709\">En Amalur somos especialistas en Pr\u00e1ctica Psicomotriz Aucouturier, que conf\u00eda profundamente en la capacidad del juego para favorecer la maduraci\u00f3n emocional, cognitiva, relacional y simb\u00f3lica. Esta pr\u00e1ctica no busca ense\u00f1ar habilidades concretas, sino ofrecer un espacio donde cada ni\u00f1a y cada ni\u00f1o pueda ser, hacer, sentir y crecer a su ritmo.<\/p><p class=\"\" data-start=\"711\" data-end=\"1087\">El\/la psicomotricista no dirige el juego ni propone actividades cerradas: observa, escucha, sostiene. Es una presencia atenta, disponible, que crea un marco de confianza y seguridad. Desde esa actitud, se posibilita un proceso en el que el cuerpo puede hablar, el movimiento comunica lo que las palabras no alcanzan, y el juego se convierte en un canal de expresi\u00f3n y sentido.<\/p><p class=\"\" data-start=\"1089\" data-end=\"1403\">La psicomotricidad est\u00e1 dirigida tanto a ni\u00f1os y ni\u00f1as que atraviesan su desarrollo sin dificultades, como a aquellas que presentan inseguridades, miedos, dificultades de regulaci\u00f3n emocional, de relaci\u00f3n o de expresi\u00f3n corporal y simb\u00f3lica. Acompa\u00f1amos estos procesos desde la confianza, sin juicios ni etiquetas.<\/p><p class=\"\" data-start=\"1405\" data-end=\"1646\">Ofrecemos dos formas de acompa\u00f1amiento: psicomotricidad preventiva, dirigida a la maduraci\u00f3n global y el bienestar; y psicomotricidad terap\u00e9utica, cuando hay se\u00f1ales de malestar o dificultades que afectan al desarrollo o a la vida cotidiana.<\/p>\t\t\t\t\t\t\t\t<\/div>\n\t\t\t\t<\/div>\n\t\t\t\t\t<\/div>\n\t\t\t\t<\/div>\n\t\t<div class=\"elementor-element elementor-element-2797bf1 e-flex e-con-boxed e-con e-parent\" data-id=\"2797bf1\" data-element_type=\"container\" data-e-type=\"container\" id=\"psicomotricidad-preventiva\" data-settings=\"{&quot;background_background&quot;:&quot;classic&quot;}\">\n\t\t\t\t\t<div class=\"e-con-inner\">\n\t\t\t\t\t<\/div>\n\t\t\t\t<\/div>\n\t\t<div class=\"elementor-element elementor-element-1c57694 e-flex e-con-boxed e-con e-parent\" data-id=\"1c57694\" data-element_type=\"container\" data-e-type=\"container\" data-settings=\"{&quot;background_background&quot;:&quot;classic&quot;}\">\n\t\t\t\t\t<div class=\"e-con-inner\">\n\t\t<div class=\"elementor-element elementor-element-414bf64 e-con-full e-flex e-con e-child\" data-id=\"414bf64\" data-element_type=\"container\" data-e-type=\"container\">\n\t\t\t\t<div class=\"elementor-element elementor-element-92bf23e elementor-widget elementor-widget-heading\" data-id=\"92bf23e\" data-element_type=\"widget\" data-e-type=\"widget\" data-widget_type=\"heading.default\">\n\t\t\t\t<div class=\"elementor-widget-container\">\n\t\t\t\t\t<h2 class=\"elementor-heading-title elementor-size-default\">Psicomotricidad preventiva<\/h2>\t\t\t\t<\/div>\n\t\t\t\t<\/div>\n\t\t\t\t<div class=\"elementor-element elementor-element-9209ff2 elementor-widget elementor-widget-text-editor\" data-id=\"9209ff2\" data-element_type=\"widget\" data-e-type=\"widget\" data-widget_type=\"text-editor.default\">\n\t\t\t\t<div class=\"elementor-widget-container\">\n\t\t\t\t\t\t\t\t\t<p class=\"\" data-start=\"151\" data-end=\"395\">Este tipo de acompa\u00f1amiento est\u00e1 dirigido a ni\u00f1os y ni\u00f1as que no presentan dificultades espec\u00edficas, pero para quienes es importante disponer de un espacio de juego libre, movimiento y expresi\u00f3n acompa\u00f1ada, como parte natural de su crecimiento.<\/p><p class=\"\" data-start=\"397\" data-end=\"664\">Las sesiones se realizan en grupos peque\u00f1os de edad homog\u00e9nea, lo que permite a cada participante encontrar su lugar entre iguales, relacionarse, explorar los l\u00edmites del propio cuerpo, probar nuevas posibilidades y afianzar su identidad dentro de un entorno cuidado.<\/p><p class=\"\" data-start=\"666\" data-end=\"971\">La psicomotricidad preventiva busca favorecer la construcci\u00f3n de seguridad interna, autonom\u00eda, equilibrio emocional y apertura al otro. El grupo, el espacio y la mirada del\/la psicomotricista ofrecen las condiciones necesarias para que el juego y el movimiento sean verdaderas experiencias de crecimiento.<\/p><p class=\"\" data-start=\"973\" data-end=\"1226\">Muchos de los desaf\u00edos del desarrollo no requieren soluciones directas, sino vivencias significativas que el cuerpo pueda integrar: ser mirado sin juicio, poder equivocarse, atreverse a probar, ser parte de un grupo&#8230; Esa es la esencia de este trabajo.<\/p>\t\t\t\t\t\t\t\t<\/div>\n\t\t\t\t<\/div>\n\t\t\t\t<\/div>\n\t\t<div class=\"elementor-element elementor-element-8ca463a e-con-full e-flex e-con e-child\" data-id=\"8ca463a\" data-element_type=\"container\" data-e-type=\"container\" data-settings=\"{&quot;background_background&quot;:&quot;classic&quot;}\">\n\t\t\t\t<div class=\"elementor-element elementor-element-1ca0722 elementor-widget elementor-widget-spacer\" data-id=\"1ca0722\" data-element_type=\"widget\" data-e-type=\"widget\" data-widget_type=\"spacer.default\">\n\t\t\t\t<div class=\"elementor-widget-container\">\n\t\t\t\t\t\t\t<div class=\"elementor-spacer\">\n\t\t\t<div class=\"elementor-spacer-inner\"><\/div>\n\t\t<\/div>\n\t\t\t\t\t\t<\/div>\n\t\t\t\t<\/div>\n\t\t\t\t<\/div>\n\t\t\t\t\t<\/div>\n\t\t\t\t<\/div>\n\t\t<div class=\"elementor-element elementor-element-9a576b0 e-flex e-con-boxed e-con e-parent\" data-id=\"9a576b0\" data-element_type=\"container\" data-e-type=\"container\" id=\"psicomotricidad-terap\u00e9utica\" data-settings=\"{&quot;background_background&quot;:&quot;classic&quot;}\">\n\t\t\t\t\t<div class=\"e-con-inner\">\n\t\t\t\t\t<\/div>\n\t\t\t\t<\/div>\n\t\t<div class=\"elementor-element elementor-element-e716015 e-flex e-con-boxed e-con e-parent\" data-id=\"e716015\" data-element_type=\"container\" data-e-type=\"container\" data-settings=\"{&quot;background_background&quot;:&quot;classic&quot;}\">\n\t\t\t\t\t<div class=\"e-con-inner\">\n\t\t<div class=\"elementor-element elementor-element-069ee39 e-con-full e-flex e-con e-child\" data-id=\"069ee39\" data-element_type=\"container\" data-e-type=\"container\">\n\t\t\t\t<div class=\"elementor-element elementor-element-39e39db elementor-widget elementor-widget-heading\" data-id=\"39e39db\" data-element_type=\"widget\" data-e-type=\"widget\" data-widget_type=\"heading.default\">\n\t\t\t\t<div class=\"elementor-widget-container\">\n\t\t\t\t\t<h2 class=\"elementor-heading-title elementor-size-default\">Psicomotricidad terap\u00e9utica<\/h2>\t\t\t\t<\/div>\n\t\t\t\t<\/div>\n\t\t\t\t<div class=\"elementor-element elementor-element-2f9cd29 elementor-widget elementor-widget-text-editor\" data-id=\"2f9cd29\" data-element_type=\"widget\" data-e-type=\"widget\" data-widget_type=\"text-editor.default\">\n\t\t\t\t<div class=\"elementor-widget-container\">\n\t\t\t\t\t\t\t\t\t<p class=\"\" data-start=\"107\" data-end=\"486\">En algunos momentos del desarrollo, los ni\u00f1os y ni\u00f1as pueden mostrar malestar a trav\u00e9s de su juego, su cuerpo o su forma de estar en el mundo. A veces lo hacen desde la agitaci\u00f3n o el desaf\u00edo, otras desde el silencio o la inseguridad&#8230; Estas manifestaciones pueden ser la expresi\u00f3n de un sufrimiento emocional, de un bloqueo interno o de una vivencia que no han podido procesar.<\/p><p class=\"\" data-start=\"488\" data-end=\"721\">La psicomotricidad terap\u00e9utica ofrece un espacio individual o en peque\u00f1o grupo (2 a 4 ni\u00f1os\/as, acompa\u00f1ados por una o dos psicomotricistas), donde poder expresar, elaborar y transformar esas dificultades de forma respetuosa y segura.<\/p><p class=\"\" data-start=\"723\" data-end=\"783\">Esta intervenci\u00f3n est\u00e1 especialmente indicada en casos como:<\/p><p class=\"\" data-start=\"785\" data-end=\"914\"><strong data-start=\"785\" data-end=\"820\">Experiencias vitales complejas:<\/strong><br data-start=\"820\" data-end=\"823\" \/>Duelo, separaci\u00f3n o divorcio, adopci\u00f3n, hospitalizaci\u00f3n, cambios importantes en el entorno.<\/p><p class=\"\" data-start=\"916\" data-end=\"1091\"><strong data-start=\"916\" data-end=\"956\">Diagn\u00f3sticos o situaciones cl\u00ednicas:<\/strong><br data-start=\"956\" data-end=\"959\" \/>TEA, TDAH, ansiedad, mutismo selectivo, hiperlaxitud, enuresis, encopresis, trastornos del lenguaje o del desarrollo, retraso motor.<\/p><p class=\"\" data-start=\"1093\" data-end=\"1247\"><strong data-start=\"1093\" data-end=\"1128\">Retos en el proceso madurativo:<\/strong><br data-start=\"1128\" data-end=\"1131\" \/>Prematuridad, dificultades en la gesti\u00f3n emocional, inseguridad, miedos intensos, inhibici\u00f3n, conductas disruptivas.<\/p><p class=\"\" data-start=\"1249\" data-end=\"1420\"><strong data-start=\"1249\" data-end=\"1309\">Dificultades en el v\u00ednculo o en la relaci\u00f3n con iguales:<\/strong><br data-start=\"1309\" data-end=\"1312\" \/>Aislamiento, agresividad, dependencia excesiva, dificultad para jugar o para sostener el contacto con otros.<\/p>\t\t\t\t\t\t\t\t<\/div>\n\t\t\t\t<\/div>\n\t\t\t\t<\/div>\n\t\t<div class=\"elementor-element elementor-element-e9a0197 e-con-full e-flex e-con e-child\" data-id=\"e9a0197\" data-element_type=\"container\" data-e-type=\"container\" data-settings=\"{&quot;background_background&quot;:&quot;classic&quot;}\">\n\t\t\t\t<div class=\"elementor-element elementor-element-0a76a80 elementor-widget elementor-widget-spacer\" data-id=\"0a76a80\" data-element_type=\"widget\" data-e-type=\"widget\" data-widget_type=\"spacer.default\">\n\t\t\t\t<div class=\"elementor-widget-container\">\n\t\t\t\t\t\t\t<div class=\"elementor-spacer\">\n\t\t\t<div class=\"elementor-spacer-inner\"><\/div>\n\t\t<\/div>\n\t\t\t\t\t\t<\/div>\n\t\t\t\t<\/div>\n\t\t\t\t<\/div>\n\t\t\t\t\t<\/div>\n\t\t\t\t<\/div>\n\t\t<div class=\"elementor-element elementor-element-6f09886 e-flex e-con-boxed e-con e-parent\" data-id=\"6f09886\" data-element_type=\"container\" data-e-type=\"container\" data-settings=\"{&quot;background_background&quot;:&quot;classic&quot;}\">\n\t\t\t\t\t<div class=\"e-con-inner\">\n\t\t<div class=\"elementor-element elementor-element-39d3b48 e-con-full e-flex e-con e-child\" data-id=\"39d3b48\" data-element_type=\"container\" data-e-type=\"container\">\n\t\t\t\t<div class=\"elementor-element elementor-element-78b1bc5 elementor-widget elementor-widget-heading\" data-id=\"78b1bc5\" data-element_type=\"widget\" data-e-type=\"widget\" data-widget_type=\"heading.default\">\n\t\t\t\t<div class=\"elementor-widget-container\">\n\t\t\t\t\t<h2 class=\"elementor-heading-title elementor-size-default\">Informa zaitez konpromisorik gabe<\/h2>\t\t\t\t<\/div>\n\t\t\t\t<\/div>\n\t\t\t\t<\/div>\n\t\t<div class=\"elementor-element elementor-element-e3a04f4 e-con-full e-flex e-con e-child\" data-id=\"e3a04f4\" data-element_type=\"container\" data-e-type=\"container\">\n\t\t\t\t<div class=\"elementor-element elementor-element-660591f elementor-align-justify elementor-tablet-align-center elementor-widget elementor-widget-button\" data-id=\"660591f\" data-element_type=\"widget\" data-e-type=\"widget\" data-widget_type=\"button.default\">\n\t\t\t\t<div class=\"elementor-widget-container\">\n\t\t\t\t\t\t\t\t\t<div class=\"elementor-button-wrapper\">\n\t\t\t\t\t<a class=\"elementor-button elementor-button-link elementor-size-sm elementor-animation-grow\" href=\"https:\/\/amalurpsicomotricidad.com\/eu\/contacto\/\">\n\t\t\t\t\t\t<span class=\"elementor-button-content-wrapper\">\n\t\t\t\t\t\t\t\t\t<span class=\"elementor-button-text\">Kontaktua<\/span>\n\t\t\t\t\t<\/span>\n\t\t\t\t\t<\/a>\n\t\t\t\t<\/div>\n\t\t\t\t\t\t\t\t<\/div>\n\t\t\t\t<\/div>\n\t\t\t\t<\/div>\n\t\t\t\t\t<\/div>\n\t\t\t\t<\/div>\n\t\t\t\t<\/div>","protected":false},"excerpt":{"rendered":"<p>Psicomotricidad La psicomotricidad es una pr\u00e1ctica que acompa\u00f1a el desarrollo de ni\u00f1as y ni\u00f1os desde el cuerpo, el movimiento, el juego y la relaci\u00f3n. A trav\u00e9s del juego libre y el placer de moverse, expresan lo que sienten, elaboran sus vivencias, construyen su identidad y desarrollan sus capacidades. En Amalur somos especialistas en Pr\u00e1ctica Psicomotriz [&hellip;]<\/p>\n","protected":false},"author":1,"featured_media":0,"parent":0,"menu_order":0,"comment_status":"closed","ping_status":"closed","template":"elementor_canvas","meta":{"footnotes":""},"class_list":["post-2722","page","type-page","status-publish","hentry"],"yoast_head":"<!-- This site is optimized with the Yoast SEO plugin v27.3 - https:\/\/yoast.com\/product\/yoast-seo-wordpress\/ -->\n<title>Psicomotricidad - Amalur<\/title>\n<meta name=\"robots\" content=\"index, follow, max-snippet:-1, max-image-preview:large, max-video-preview:-1\" \/>\n<link rel=\"canonical\" href=\"https:\/\/amalurpsicomotricidad.com\/eu\/psicomotricidad\/\" \/>\n<meta property=\"og:locale\" content=\"en_US\" \/>\n<meta property=\"og:type\" content=\"article\" \/>\n<meta property=\"og:title\" content=\"Psicomotricidad - Amalur\" \/>\n<meta property=\"og:description\" content=\"Psicomotricidad La psicomotricidad es una pr\u00e1ctica que acompa\u00f1a el desarrollo de ni\u00f1as y ni\u00f1os desde el cuerpo, el movimiento, el juego y la relaci\u00f3n. A trav\u00e9s del juego libre y el placer de moverse, expresan lo que sienten, elaboran sus vivencias, construyen su identidad y desarrollan sus capacidades. En Amalur somos especialistas en Pr\u00e1ctica Psicomotriz [&hellip;]\" \/>\n<meta property=\"og:url\" content=\"https:\/\/amalurpsicomotricidad.com\/eu\/psicomotricidad\/\" \/>\n<meta property=\"og:site_name\" content=\"Amalur\" \/>\n<meta property=\"article:modified_time\" content=\"2026-01-13T16:05:40+00:00\" \/>\n<meta name=\"twitter:card\" content=\"summary_large_image\" \/>\n<meta name=\"twitter:label1\" content=\"Est. reading time\" \/>\n\t<meta name=\"twitter:data1\" content=\"3 minutua\" \/>\n<script type=\"application\/ld+json\" class=\"yoast-schema-graph\">{\"@context\":\"https:\\\/\\\/schema.org\",\"@graph\":[{\"@type\":\"WebPage\",\"@id\":\"https:\\\/\\\/amalurpsicomotricidad.com\\\/psicomotricidad\\\/\",\"url\":\"https:\\\/\\\/amalurpsicomotricidad.com\\\/psicomotricidad\\\/\",\"name\":\"Psicomotricidad - Amalur\",\"isPartOf\":{\"@id\":\"https:\\\/\\\/amalurpsicomotricidad.com\\\/#website\"},\"datePublished\":\"2025-03-26T15:54:22+00:00\",\"dateModified\":\"2026-01-13T16:05:40+00:00\",\"breadcrumb\":{\"@id\":\"https:\\\/\\\/amalurpsicomotricidad.com\\\/psicomotricidad\\\/#breadcrumb\"},\"inLanguage\":\"eu\",\"potentialAction\":[{\"@type\":\"ReadAction\",\"target\":[\"https:\\\/\\\/amalurpsicomotricidad.com\\\/psicomotricidad\\\/\"]}]},{\"@type\":\"BreadcrumbList\",\"@id\":\"https:\\\/\\\/amalurpsicomotricidad.com\\\/psicomotricidad\\\/#breadcrumb\",\"itemListElement\":[{\"@type\":\"ListItem\",\"position\":1,\"name\":\"Portada\",\"item\":\"https:\\\/\\\/amalurpsicomotricidad.com\\\/\"},{\"@type\":\"ListItem\",\"position\":2,\"name\":\"Psicomotricidad\"}]},{\"@type\":\"WebSite\",\"@id\":\"https:\\\/\\\/amalurpsicomotricidad.com\\\/#website\",\"url\":\"https:\\\/\\\/amalurpsicomotricidad.com\\\/\",\"name\":\"Amalur\",\"description\":\"\",\"publisher\":{\"@id\":\"https:\\\/\\\/amalurpsicomotricidad.com\\\/#organization\"},\"potentialAction\":[{\"@type\":\"SearchAction\",\"target\":{\"@type\":\"EntryPoint\",\"urlTemplate\":\"https:\\\/\\\/amalurpsicomotricidad.com\\\/?s={search_term_string}\"},\"query-input\":{\"@type\":\"PropertyValueSpecification\",\"valueRequired\":true,\"valueName\":\"search_term_string\"}}],\"inLanguage\":\"eu\"},{\"@type\":\"Organization\",\"@id\":\"https:\\\/\\\/amalurpsicomotricidad.com\\\/#organization\",\"name\":\"Amalur\",\"url\":\"https:\\\/\\\/amalurpsicomotricidad.com\\\/\",\"logo\":{\"@type\":\"ImageObject\",\"inLanguage\":\"eu\",\"@id\":\"https:\\\/\\\/amalurpsicomotricidad.com\\\/#\\\/schema\\\/logo\\\/image\\\/\",\"url\":\"https:\\\/\\\/amalurpsicomotricidad.com\\\/wp-content\\\/uploads\\\/2025\\\/03\\\/cropped-Captura_desde_2025-03-05_12-10-13-removebg-preview.png\",\"contentUrl\":\"https:\\\/\\\/amalurpsicomotricidad.com\\\/wp-content\\\/uploads\\\/2025\\\/03\\\/cropped-Captura_desde_2025-03-05_12-10-13-removebg-preview.png\",\"width\":534,\"height\":362,\"caption\":\"Amalur\"},\"image\":{\"@id\":\"https:\\\/\\\/amalurpsicomotricidad.com\\\/#\\\/schema\\\/logo\\\/image\\\/\"}}]}<\/script>\n<!-- \/ Yoast SEO plugin. -->","yoast_head_json":{"title":"Psicomotricidad - Amalur","robots":{"index":"index","follow":"follow","max-snippet":"max-snippet:-1","max-image-preview":"max-image-preview:large","max-video-preview":"max-video-preview:-1"},"canonical":"https:\/\/amalurpsicomotricidad.com\/eu\/psicomotricidad\/","og_locale":"en_US","og_type":"article","og_title":"Psicomotricidad - Amalur","og_description":"Psicomotricidad La psicomotricidad es una pr\u00e1ctica que acompa\u00f1a el desarrollo de ni\u00f1as y ni\u00f1os desde el cuerpo, el movimiento, el juego y la relaci\u00f3n. A trav\u00e9s del juego libre y el placer de moverse, expresan lo que sienten, elaboran sus vivencias, construyen su identidad y desarrollan sus capacidades. En Amalur somos especialistas en Pr\u00e1ctica Psicomotriz [&hellip;]","og_url":"https:\/\/amalurpsicomotricidad.com\/eu\/psicomotricidad\/","og_site_name":"Amalur","article_modified_time":"2026-01-13T16:05:40+00:00","twitter_card":"summary_large_image","twitter_misc":{"Est. reading time":"3 minutua"},"schema":{"@context":"https:\/\/schema.org","@graph":[{"@type":"WebPage","@id":"https:\/\/amalurpsicomotricidad.com\/psicomotricidad\/","url":"https:\/\/amalurpsicomotricidad.com\/psicomotricidad\/","name":"Psicomotricidad - Amalur","isPartOf":{"@id":"https:\/\/amalurpsicomotricidad.com\/#website"},"datePublished":"2025-03-26T15:54:22+00:00","dateModified":"2026-01-13T16:05:40+00:00","breadcrumb":{"@id":"https:\/\/amalurpsicomotricidad.com\/psicomotricidad\/#breadcrumb"},"inLanguage":"eu","potentialAction":[{"@type":"ReadAction","target":["https:\/\/amalurpsicomotricidad.com\/psicomotricidad\/"]}]},{"@type":"BreadcrumbList","@id":"https:\/\/amalurpsicomotricidad.com\/psicomotricidad\/#breadcrumb","itemListElement":[{"@type":"ListItem","position":1,"name":"Portada","item":"https:\/\/amalurpsicomotricidad.com\/"},{"@type":"ListItem","position":2,"name":"Psicomotricidad"}]},{"@type":"WebSite","@id":"https:\/\/amalurpsicomotricidad.com\/#website","url":"https:\/\/amalurpsicomotricidad.com\/","name":"Amalur","description":"","publisher":{"@id":"https:\/\/amalurpsicomotricidad.com\/#organization"},"potentialAction":[{"@type":"SearchAction","target":{"@type":"EntryPoint","urlTemplate":"https:\/\/amalurpsicomotricidad.com\/?s={search_term_string}"},"query-input":{"@type":"PropertyValueSpecification","valueRequired":true,"valueName":"search_term_string"}}],"inLanguage":"eu"},{"@type":"Organization","@id":"https:\/\/amalurpsicomotricidad.com\/#organization","name":"Amalur","url":"https:\/\/amalurpsicomotricidad.com\/","logo":{"@type":"ImageObject","inLanguage":"eu","@id":"https:\/\/amalurpsicomotricidad.com\/#\/schema\/logo\/image\/","url":"https:\/\/amalurpsicomotricidad.com\/wp-content\/uploads\/2025\/03\/cropped-Captura_desde_2025-03-05_12-10-13-removebg-preview.png","contentUrl":"https:\/\/amalurpsicomotricidad.com\/wp-content\/uploads\/2025\/03\/cropped-Captura_desde_2025-03-05_12-10-13-removebg-preview.png","width":534,"height":362,"caption":"Amalur"},"image":{"@id":"https:\/\/amalurpsicomotricidad.com\/#\/schema\/logo\/image\/"}}]}},"_links":{"self":[{"href":"https:\/\/amalurpsicomotricidad.com\/eu\/wp-json\/wp\/v2\/pages\/2722","targetHints":{"allow":["GET"]}}],"collection":[{"href":"https:\/\/amalurpsicomotricidad.com\/eu\/wp-json\/wp\/v2\/pages"}],"about":[{"href":"https:\/\/amalurpsicomotricidad.com\/eu\/wp-json\/wp\/v2\/types\/page"}],"author":[{"embeddable":true,"href":"https:\/\/amalurpsicomotricidad.com\/eu\/wp-json\/wp\/v2\/users\/1"}],"replies":[{"embeddable":true,"href":"https:\/\/amalurpsicomotricidad.com\/eu\/wp-json\/wp\/v2\/comments?post=2722"}],"version-history":[{"count":355,"href":"https:\/\/amalurpsicomotricidad.com\/eu\/wp-json\/wp\/v2\/pages\/2722\/revisions"}],"predecessor-version":[{"id":5329,"href":"https:\/\/amalurpsicomotricidad.com\/eu\/wp-json\/wp\/v2\/pages\/2722\/revisions\/5329"}],"wp:attachment":[{"href":"https:\/\/amalurpsicomotricidad.com\/eu\/wp-json\/wp\/v2\/media?parent=2722"}],"curies":[{"name":"wp","href":"https:\/\/api.w.org\/{rel}","templated":true}]}}