{"id":17,"date":"2025-03-05T16:04:34","date_gmt":"2025-03-05T16:04:34","guid":{"rendered":"https:\/\/amalurpsicomotricidad.rkinformatika.online\/?page_id=17"},"modified":"2026-01-13T16:07:02","modified_gmt":"2026-01-13T16:07:02","slug":"recursos","status":"publish","type":"page","link":"https:\/\/amalurpsicomotricidad.com\/eu\/recursos\/","title":{"rendered":"Baliabideak"},"content":{"rendered":"<div data-elementor-type=\"wp-page\" data-elementor-id=\"17\" class=\"elementor elementor-17\" data-elementor-post-type=\"page\">\n\t\t\t\t<div class=\"elementor-element elementor-element-c0322e7 e-flex e-con-boxed e-con e-parent\" data-id=\"c0322e7\" data-element_type=\"container\" data-e-type=\"container\" data-settings=\"{&quot;background_background&quot;:&quot;classic&quot;}\">\n\t\t\t\t\t<div class=\"e-con-inner\">\n\t\t\t\t\t<\/div>\n\t\t\t\t<\/div>\n\t\t<div class=\"elementor-element elementor-element-9663011 e-flex e-con-boxed e-con e-parent\" data-id=\"9663011\" data-element_type=\"container\" data-e-type=\"container\" data-settings=\"{&quot;background_background&quot;:&quot;classic&quot;}\">\n\t\t\t\t\t<div class=\"e-con-inner\">\n\t\t<div class=\"elementor-element elementor-element-50e95f7 e-con-full e-flex e-con e-child\" data-id=\"50e95f7\" data-element_type=\"container\" data-e-type=\"container\">\n\t\t\t\t<div class=\"elementor-element elementor-element-a828f0d elementor-widget__width-initial elementor-widget elementor-widget-image\" data-id=\"a828f0d\" data-element_type=\"widget\" data-e-type=\"widget\" data-widget_type=\"image.default\">\n\t\t\t\t<div class=\"elementor-widget-container\">\n\t\t\t\t\t\t\t\t\t\t\t\t\t\t\t<img fetchpriority=\"high\" decoding=\"async\" width=\"282\" height=\"300\" src=\"https:\/\/amalurpsicomotricidad.com\/wp-content\/uploads\/2025\/05\/articulo-cuerpo-1-282x300.jpg\" class=\"attachment-medium size-medium wp-image-4722\" alt=\"clay for kids\" srcset=\"https:\/\/amalurpsicomotricidad.com\/wp-content\/uploads\/2025\/05\/articulo-cuerpo-1-282x300.jpg 282w, https:\/\/amalurpsicomotricidad.com\/wp-content\/uploads\/2025\/05\/articulo-cuerpo-1-961x1024.jpg 961w, https:\/\/amalurpsicomotricidad.com\/wp-content\/uploads\/2025\/05\/articulo-cuerpo-1-768x818.jpg 768w, https:\/\/amalurpsicomotricidad.com\/wp-content\/uploads\/2025\/05\/articulo-cuerpo-1-1442x1536.jpg 1442w, https:\/\/amalurpsicomotricidad.com\/wp-content\/uploads\/2025\/05\/articulo-cuerpo-1-1922x2048.jpg 1922w, https:\/\/amalurpsicomotricidad.com\/wp-content\/uploads\/2025\/05\/articulo-cuerpo-1-11x12.jpg 11w\" sizes=\"(max-width: 282px) 100vw, 282px\" \/>\t\t\t\t\t\t\t\t\t\t\t\t\t\t\t<\/div>\n\t\t\t\t<\/div>\n\t\t\t\t<\/div>\n\t\t<div class=\"elementor-element elementor-element-c832a06 e-con-full e-flex e-con e-child\" data-id=\"c832a06\" data-element_type=\"container\" data-e-type=\"container\">\n\t\t\t\t<div class=\"elementor-element elementor-element-644daa0 elementor-widget elementor-widget-heading\" data-id=\"644daa0\" data-element_type=\"widget\" data-e-type=\"widget\" data-widget_type=\"heading.default\">\n\t\t\t\t<div class=\"elementor-widget-container\">\n\t\t\t\t\t<h1 class=\"elementor-heading-title elementor-size-default\">El cuerpo como primer lenguaje: <br>c\u00f3mo se expresa la infancia\n<\/h1>\t\t\t\t<\/div>\n\t\t\t\t<\/div>\n\t\t\t\t<div class=\"elementor-element elementor-element-542483f elementor-widget elementor-widget-text-editor\" data-id=\"542483f\" data-element_type=\"widget\" data-e-type=\"widget\" data-widget_type=\"text-editor.default\">\n\t\t\t\t<div class=\"elementor-widget-container\">\n\t\t\t\t\t\t\t\t\t<p data-start=\"69\" data-end=\"337\"><strong data-start=\"69\" data-end=\"130\">Antes de que aparezcan las palabras, ya hay comunicaci\u00f3n.<\/strong><br data-start=\"130\" data-end=\"133\" \/>Desde el momento en que una ni\u00f1a o un ni\u00f1o llega al mundo, su cuerpo habla: se agita, se encoge, llora, sonr\u00ede, se calma, se tensa\u2026 Y quienes le acompa\u00f1an intentan leer esos mensajes con amor e intuici\u00f3n.<\/p><p data-start=\"339\" data-end=\"592\">La infancia, especialmente en sus primeros a\u00f1os, se expresa fundamentalmente a trav\u00e9s del cuerpo. El movimiento, el juego, los gestos, el tono muscular, la postura\u2026 son formas en que una criatura dice lo que siente, lo que necesita, lo que teme o desea.<\/p>\t\t\t\t\t\t\t\t<\/div>\n\t\t\t\t<\/div>\n\t\t\t\t<div class=\"elementor-element elementor-element-48a382f elementor-align-center elementor-widget elementor-widget-button\" data-id=\"48a382f\" data-element_type=\"widget\" data-e-type=\"widget\" data-widget_type=\"button.default\">\n\t\t\t\t<div class=\"elementor-widget-container\">\n\t\t\t\t\t\t\t\t\t<div class=\"elementor-button-wrapper\">\n\t\t\t\t\t<a class=\"elementor-button elementor-button-link elementor-size-sm\" href=\"https:\/\/amalurpsicomotricidad.com\/eu\/el-cuerpo-como-primer-lenguaje-como-se-expresa-la-infancia\/\">\n\t\t\t\t\t\t<span class=\"elementor-button-content-wrapper\">\n\t\t\t\t\t\t\t\t\t<span class=\"elementor-button-text\">Leer mas<\/span>\n\t\t\t\t\t<\/span>\n\t\t\t\t\t<\/a>\n\t\t\t\t<\/div>\n\t\t\t\t\t\t\t\t<\/div>\n\t\t\t\t<\/div>\n\t\t\t\t<\/div>\n\t\t\t\t\t<\/div>\n\t\t\t\t<\/div>\n\t\t<div class=\"elementor-element elementor-element-b78928c e-flex e-con-boxed e-con e-parent\" data-id=\"b78928c\" data-element_type=\"container\" data-e-type=\"container\" data-settings=\"{&quot;background_background&quot;:&quot;classic&quot;}\">\n\t\t\t\t\t<div class=\"e-con-inner\">\n\t\t<div class=\"elementor-element elementor-element-31bad33 e-con-full e-flex e-con e-child\" data-id=\"31bad33\" data-element_type=\"container\" data-e-type=\"container\">\n\t\t\t\t<div class=\"elementor-element elementor-element-95e65ce elementor-widget elementor-widget-heading\" data-id=\"95e65ce\" data-element_type=\"widget\" data-e-type=\"widget\" data-widget_type=\"heading.default\">\n\t\t\t\t<div class=\"elementor-widget-container\">\n\t\t\t\t\t<h2 class=\"elementor-heading-title elementor-size-default\">Informa zaitez konpromisorik gabe<\/h2>\t\t\t\t<\/div>\n\t\t\t\t<\/div>\n\t\t\t\t<\/div>\n\t\t<div class=\"elementor-element elementor-element-10c7056 e-con-full e-flex e-con e-child\" data-id=\"10c7056\" data-element_type=\"container\" data-e-type=\"container\">\n\t\t\t\t<div class=\"elementor-element elementor-element-522f55a elementor-align-justify elementor-mobile-align-center elementor-widget elementor-widget-button\" data-id=\"522f55a\" data-element_type=\"widget\" data-e-type=\"widget\" data-widget_type=\"button.default\">\n\t\t\t\t<div class=\"elementor-widget-container\">\n\t\t\t\t\t\t\t\t\t<div class=\"elementor-button-wrapper\">\n\t\t\t\t\t<a class=\"elementor-button elementor-button-link elementor-size-sm elementor-animation-grow\" href=\"https:\/\/amalurpsicomotricidad.com\/eu\/contacto\/\">\n\t\t\t\t\t\t<span class=\"elementor-button-content-wrapper\">\n\t\t\t\t\t\t\t\t\t<span class=\"elementor-button-text\">Kontaktua<\/span>\n\t\t\t\t\t<\/span>\n\t\t\t\t\t<\/a>\n\t\t\t\t<\/div>\n\t\t\t\t\t\t\t\t<\/div>\n\t\t\t\t<\/div>\n\t\t\t\t<\/div>\n\t\t\t\t\t<\/div>\n\t\t\t\t<\/div>\n\t\t\t\t<\/div>","protected":false},"excerpt":{"rendered":"<p>El cuerpo como primer lenguaje: c\u00f3mo se expresa la infancia Antes de que aparezcan las palabras, ya hay comunicaci\u00f3n.Desde el momento en que una ni\u00f1a o un ni\u00f1o llega al mundo, su cuerpo habla: se agita, se encoge, llora, sonr\u00ede, se calma, se tensa\u2026 Y quienes le acompa\u00f1an intentan leer esos mensajes con amor e [&hellip;]<\/p>\n","protected":false},"author":1,"featured_media":0,"parent":0,"menu_order":0,"comment_status":"closed","ping_status":"closed","template":"elementor_canvas","meta":{"footnotes":""},"class_list":["post-17","page","type-page","status-publish","hentry"],"yoast_head":"<!-- This site is optimized with the Yoast SEO plugin v27.3 - https:\/\/yoast.com\/product\/yoast-seo-wordpress\/ -->\n<title>Recursos - Amalur<\/title>\n<meta name=\"robots\" content=\"index, follow, max-snippet:-1, max-image-preview:large, max-video-preview:-1\" \/>\n<link rel=\"canonical\" href=\"https:\/\/amalurpsicomotricidad.com\/eu\/recursos\/\" \/>\n<meta property=\"og:locale\" content=\"en_US\" \/>\n<meta property=\"og:type\" content=\"article\" \/>\n<meta property=\"og:title\" content=\"Recursos - Amalur\" \/>\n<meta property=\"og:description\" content=\"El cuerpo como primer lenguaje: c\u00f3mo se expresa la infancia Antes de que aparezcan las palabras, ya hay comunicaci\u00f3n.Desde el momento en que una ni\u00f1a o un ni\u00f1o llega al mundo, su cuerpo habla: se agita, se encoge, llora, sonr\u00ede, se calma, se tensa\u2026 Y quienes le acompa\u00f1an intentan leer esos mensajes con amor e [&hellip;]\" \/>\n<meta property=\"og:url\" content=\"https:\/\/amalurpsicomotricidad.com\/eu\/recursos\/\" \/>\n<meta property=\"og:site_name\" content=\"Amalur\" \/>\n<meta property=\"article:modified_time\" content=\"2026-01-13T16:07:02+00:00\" \/>\n<meta property=\"og:image\" content=\"https:\/\/amalurpsicomotricidad.com\/wp-content\/uploads\/2025\/05\/articulo-cuerpo-1.jpg\" \/>\n\t<meta property=\"og:image:width\" content=\"2336\" \/>\n\t<meta property=\"og:image:height\" content=\"2489\" \/>\n\t<meta property=\"og:image:type\" content=\"image\/jpeg\" \/>\n<meta name=\"twitter:card\" content=\"summary_large_image\" \/>\n<meta name=\"twitter:label1\" content=\"Est. reading time\" \/>\n\t<meta name=\"twitter:data1\" content=\"1 minutua\" \/>\n<script type=\"application\/ld+json\" class=\"yoast-schema-graph\">{\"@context\":\"https:\\\/\\\/schema.org\",\"@graph\":[{\"@type\":\"WebPage\",\"@id\":\"https:\\\/\\\/amalurpsicomotricidad.com\\\/recursos\\\/\",\"url\":\"https:\\\/\\\/amalurpsicomotricidad.com\\\/recursos\\\/\",\"name\":\"Recursos - Amalur\",\"isPartOf\":{\"@id\":\"https:\\\/\\\/amalurpsicomotricidad.com\\\/#website\"},\"primaryImageOfPage\":{\"@id\":\"https:\\\/\\\/amalurpsicomotricidad.com\\\/recursos\\\/#primaryimage\"},\"image\":{\"@id\":\"https:\\\/\\\/amalurpsicomotricidad.com\\\/recursos\\\/#primaryimage\"},\"thumbnailUrl\":\"https:\\\/\\\/amalurpsicomotricidad.com\\\/wp-content\\\/uploads\\\/2025\\\/05\\\/articulo-cuerpo-1-282x300.jpg\",\"datePublished\":\"2025-03-05T16:04:34+00:00\",\"dateModified\":\"2026-01-13T16:07:02+00:00\",\"breadcrumb\":{\"@id\":\"https:\\\/\\\/amalurpsicomotricidad.com\\\/recursos\\\/#breadcrumb\"},\"inLanguage\":\"eu\",\"potentialAction\":[{\"@type\":\"ReadAction\",\"target\":[\"https:\\\/\\\/amalurpsicomotricidad.com\\\/recursos\\\/\"]}]},{\"@type\":\"ImageObject\",\"inLanguage\":\"eu\",\"@id\":\"https:\\\/\\\/amalurpsicomotricidad.com\\\/recursos\\\/#primaryimage\",\"url\":\"https:\\\/\\\/amalurpsicomotricidad.com\\\/wp-content\\\/uploads\\\/2025\\\/05\\\/articulo-cuerpo-1-282x300.jpg\",\"contentUrl\":\"https:\\\/\\\/amalurpsicomotricidad.com\\\/wp-content\\\/uploads\\\/2025\\\/05\\\/articulo-cuerpo-1-282x300.jpg\"},{\"@type\":\"BreadcrumbList\",\"@id\":\"https:\\\/\\\/amalurpsicomotricidad.com\\\/recursos\\\/#breadcrumb\",\"itemListElement\":[{\"@type\":\"ListItem\",\"position\":1,\"name\":\"Portada\",\"item\":\"https:\\\/\\\/amalurpsicomotricidad.com\\\/\"},{\"@type\":\"ListItem\",\"position\":2,\"name\":\"Recursos\"}]},{\"@type\":\"WebSite\",\"@id\":\"https:\\\/\\\/amalurpsicomotricidad.com\\\/#website\",\"url\":\"https:\\\/\\\/amalurpsicomotricidad.com\\\/\",\"name\":\"Amalur\",\"description\":\"\",\"publisher\":{\"@id\":\"https:\\\/\\\/amalurpsicomotricidad.com\\\/#organization\"},\"potentialAction\":[{\"@type\":\"SearchAction\",\"target\":{\"@type\":\"EntryPoint\",\"urlTemplate\":\"https:\\\/\\\/amalurpsicomotricidad.com\\\/?s={search_term_string}\"},\"query-input\":{\"@type\":\"PropertyValueSpecification\",\"valueRequired\":true,\"valueName\":\"search_term_string\"}}],\"inLanguage\":\"eu\"},{\"@type\":\"Organization\",\"@id\":\"https:\\\/\\\/amalurpsicomotricidad.com\\\/#organization\",\"name\":\"Amalur\",\"url\":\"https:\\\/\\\/amalurpsicomotricidad.com\\\/\",\"logo\":{\"@type\":\"ImageObject\",\"inLanguage\":\"eu\",\"@id\":\"https:\\\/\\\/amalurpsicomotricidad.com\\\/#\\\/schema\\\/logo\\\/image\\\/\",\"url\":\"https:\\\/\\\/amalurpsicomotricidad.com\\\/wp-content\\\/uploads\\\/2025\\\/03\\\/cropped-Captura_desde_2025-03-05_12-10-13-removebg-preview.png\",\"contentUrl\":\"https:\\\/\\\/amalurpsicomotricidad.com\\\/wp-content\\\/uploads\\\/2025\\\/03\\\/cropped-Captura_desde_2025-03-05_12-10-13-removebg-preview.png\",\"width\":534,\"height\":362,\"caption\":\"Amalur\"},\"image\":{\"@id\":\"https:\\\/\\\/amalurpsicomotricidad.com\\\/#\\\/schema\\\/logo\\\/image\\\/\"}}]}<\/script>\n<!-- \/ Yoast SEO plugin. -->","yoast_head_json":{"title":"Recursos - Amalur","robots":{"index":"index","follow":"follow","max-snippet":"max-snippet:-1","max-image-preview":"max-image-preview:large","max-video-preview":"max-video-preview:-1"},"canonical":"https:\/\/amalurpsicomotricidad.com\/eu\/recursos\/","og_locale":"en_US","og_type":"article","og_title":"Recursos - Amalur","og_description":"El cuerpo como primer lenguaje: c\u00f3mo se expresa la infancia Antes de que aparezcan las palabras, ya hay comunicaci\u00f3n.Desde el momento en que una ni\u00f1a o un ni\u00f1o llega al mundo, su cuerpo habla: se agita, se encoge, llora, sonr\u00ede, se calma, se tensa\u2026 Y quienes le acompa\u00f1an intentan leer esos mensajes con amor e [&hellip;]","og_url":"https:\/\/amalurpsicomotricidad.com\/eu\/recursos\/","og_site_name":"Amalur","article_modified_time":"2026-01-13T16:07:02+00:00","og_image":[{"width":2336,"height":2489,"url":"https:\/\/amalurpsicomotricidad.com\/wp-content\/uploads\/2025\/05\/articulo-cuerpo-1.jpg","type":"image\/jpeg"}],"twitter_card":"summary_large_image","twitter_misc":{"Est. reading time":"1 minutua"},"schema":{"@context":"https:\/\/schema.org","@graph":[{"@type":"WebPage","@id":"https:\/\/amalurpsicomotricidad.com\/recursos\/","url":"https:\/\/amalurpsicomotricidad.com\/recursos\/","name":"Recursos - Amalur","isPartOf":{"@id":"https:\/\/amalurpsicomotricidad.com\/#website"},"primaryImageOfPage":{"@id":"https:\/\/amalurpsicomotricidad.com\/recursos\/#primaryimage"},"image":{"@id":"https:\/\/amalurpsicomotricidad.com\/recursos\/#primaryimage"},"thumbnailUrl":"https:\/\/amalurpsicomotricidad.com\/wp-content\/uploads\/2025\/05\/articulo-cuerpo-1-282x300.jpg","datePublished":"2025-03-05T16:04:34+00:00","dateModified":"2026-01-13T16:07:02+00:00","breadcrumb":{"@id":"https:\/\/amalurpsicomotricidad.com\/recursos\/#breadcrumb"},"inLanguage":"eu","potentialAction":[{"@type":"ReadAction","target":["https:\/\/amalurpsicomotricidad.com\/recursos\/"]}]},{"@type":"ImageObject","inLanguage":"eu","@id":"https:\/\/amalurpsicomotricidad.com\/recursos\/#primaryimage","url":"https:\/\/amalurpsicomotricidad.com\/wp-content\/uploads\/2025\/05\/articulo-cuerpo-1-282x300.jpg","contentUrl":"https:\/\/amalurpsicomotricidad.com\/wp-content\/uploads\/2025\/05\/articulo-cuerpo-1-282x300.jpg"},{"@type":"BreadcrumbList","@id":"https:\/\/amalurpsicomotricidad.com\/recursos\/#breadcrumb","itemListElement":[{"@type":"ListItem","position":1,"name":"Portada","item":"https:\/\/amalurpsicomotricidad.com\/"},{"@type":"ListItem","position":2,"name":"Recursos"}]},{"@type":"WebSite","@id":"https:\/\/amalurpsicomotricidad.com\/#website","url":"https:\/\/amalurpsicomotricidad.com\/","name":"Amalur","description":"","publisher":{"@id":"https:\/\/amalurpsicomotricidad.com\/#organization"},"potentialAction":[{"@type":"SearchAction","target":{"@type":"EntryPoint","urlTemplate":"https:\/\/amalurpsicomotricidad.com\/?s={search_term_string}"},"query-input":{"@type":"PropertyValueSpecification","valueRequired":true,"valueName":"search_term_string"}}],"inLanguage":"eu"},{"@type":"Organization","@id":"https:\/\/amalurpsicomotricidad.com\/#organization","name":"Amalur","url":"https:\/\/amalurpsicomotricidad.com\/","logo":{"@type":"ImageObject","inLanguage":"eu","@id":"https:\/\/amalurpsicomotricidad.com\/#\/schema\/logo\/image\/","url":"https:\/\/amalurpsicomotricidad.com\/wp-content\/uploads\/2025\/03\/cropped-Captura_desde_2025-03-05_12-10-13-removebg-preview.png","contentUrl":"https:\/\/amalurpsicomotricidad.com\/wp-content\/uploads\/2025\/03\/cropped-Captura_desde_2025-03-05_12-10-13-removebg-preview.png","width":534,"height":362,"caption":"Amalur"},"image":{"@id":"https:\/\/amalurpsicomotricidad.com\/#\/schema\/logo\/image\/"}}]}},"_links":{"self":[{"href":"https:\/\/amalurpsicomotricidad.com\/eu\/wp-json\/wp\/v2\/pages\/17","targetHints":{"allow":["GET"]}}],"collection":[{"href":"https:\/\/amalurpsicomotricidad.com\/eu\/wp-json\/wp\/v2\/pages"}],"about":[{"href":"https:\/\/amalurpsicomotricidad.com\/eu\/wp-json\/wp\/v2\/types\/page"}],"author":[{"embeddable":true,"href":"https:\/\/amalurpsicomotricidad.com\/eu\/wp-json\/wp\/v2\/users\/1"}],"replies":[{"embeddable":true,"href":"https:\/\/amalurpsicomotricidad.com\/eu\/wp-json\/wp\/v2\/comments?post=17"}],"version-history":[{"count":1316,"href":"https:\/\/amalurpsicomotricidad.com\/eu\/wp-json\/wp\/v2\/pages\/17\/revisions"}],"predecessor-version":[{"id":5338,"href":"https:\/\/amalurpsicomotricidad.com\/eu\/wp-json\/wp\/v2\/pages\/17\/revisions\/5338"}],"wp:attachment":[{"href":"https:\/\/amalurpsicomotricidad.com\/eu\/wp-json\/wp\/v2\/media?parent=17"}],"curies":[{"name":"wp","href":"https:\/\/api.w.org\/{rel}","templated":true}]}}