{"id":15,"date":"2025-03-05T16:04:08","date_gmt":"2025-03-05T16:04:08","guid":{"rendered":"https:\/\/amalurpsicomotricidad.rkinformatika.online\/?page_id=15"},"modified":"2026-01-13T16:09:07","modified_gmt":"2026-01-13T16:09:07","slug":"quienes-somos","status":"publish","type":"page","link":"https:\/\/amalurpsicomotricidad.com\/eu\/quienes-somos\/","title":{"rendered":"Nor Gara"},"content":{"rendered":"<div data-elementor-type=\"wp-page\" data-elementor-id=\"15\" class=\"elementor elementor-15\" data-elementor-post-type=\"page\">\n\t\t\t\t<div class=\"elementor-element elementor-element-95521a8 e-flex e-con-boxed e-con e-parent\" data-id=\"95521a8\" data-element_type=\"container\" data-e-type=\"container\" data-settings=\"{&quot;background_background&quot;:&quot;classic&quot;}\">\n\t\t\t\t\t<div class=\"e-con-inner\">\n\t\t\t\t\t<\/div>\n\t\t\t\t<\/div>\n\t\t<div class=\"elementor-element elementor-element-4a540c7 e-flex e-con-boxed e-con e-parent\" data-id=\"4a540c7\" data-element_type=\"container\" data-e-type=\"container\" data-settings=\"{&quot;background_background&quot;:&quot;classic&quot;}\">\n\t\t\t\t\t<div class=\"e-con-inner\">\n\t\t<div class=\"elementor-element elementor-element-b541eb7 e-con-full e-flex e-con e-child\" data-id=\"b541eb7\" data-element_type=\"container\" data-e-type=\"container\">\n\t\t\t\t<div class=\"elementor-element elementor-element-8a503c1 elementor-widget__width-auto elementor-widget elementor-widget-heading\" data-id=\"8a503c1\" data-element_type=\"widget\" data-e-type=\"widget\" data-settings=\"{&quot;_animation_mobile&quot;:&quot;none&quot;}\" data-widget_type=\"heading.default\">\n\t\t\t\t<div class=\"elementor-widget-container\">\n\t\t\t\t\t<div class=\"elementor-heading-title elementor-size-default\">Historia y recorrido<\/div>\t\t\t\t<\/div>\n\t\t\t\t<\/div>\n\t\t\t\t<div class=\"elementor-element elementor-element-2ad53b3 elementor-widget elementor-widget-text-editor\" data-id=\"2ad53b3\" data-element_type=\"widget\" data-e-type=\"widget\" data-widget_type=\"text-editor.default\">\n\t\t\t\t<div class=\"elementor-widget-container\">\n\t\t\t\t\t\t\t\t\t<p class=\"western\" align=\"justify\">Amalur naci\u00f3 en 2011 como un espacio de acompa\u00f1amiento respetuoso a la maternidad y la crianza, y desde entonces no ha dejado de evolucionar.<\/p><p class=\"western\" align=\"justify\">En la actualidad Amalur es un centro de acompa\u00f1amiento al desarrollo global individual y familiar.<\/p>\t\t\t\t\t\t\t\t<\/div>\n\t\t\t\t<\/div>\n\t\t\t\t<div class=\"elementor-element elementor-element-b4f9098 elementor-widget__width-auto elementor-widget elementor-widget-heading\" data-id=\"b4f9098\" data-element_type=\"widget\" data-e-type=\"widget\" data-settings=\"{&quot;_animation_mobile&quot;:&quot;none&quot;}\" data-widget_type=\"heading.default\">\n\t\t\t\t<div class=\"elementor-widget-container\">\n\t\t\t\t\t<div class=\"elementor-heading-title elementor-size-default\">Nuestro equipo<\/div>\t\t\t\t<\/div>\n\t\t\t\t<\/div>\n\t\t\t\t<div class=\"elementor-element elementor-element-8867d45 elementor-widget elementor-widget-text-editor\" data-id=\"8867d45\" data-element_type=\"widget\" data-e-type=\"widget\" data-widget_type=\"text-editor.default\">\n\t\t\t\t<div class=\"elementor-widget-container\">\n\t\t\t\t\t\t\t\t\t<p class=\"western\" style=\"text-align: left;\" align=\"justify\">Somos un grupo de profesionales formado y con experiencia en la Pr\u00e1ctica Psicomotriz Preventiva y Terap\u00e9utica de Bernard Aucouturier, as\u00ed como en la educaci\u00f3n infantil y especial, psicolog\u00eda sanitaria y fisioterapia.<\/p><p class=\"western\" style=\"text-align: left;\" align=\"justify\">A lo largo de estos a\u00f1os, hemos ido ampliando nuestra mirada a trav\u00e9s de supervisiones, actualizaciones en psicomotricidad y otras formaciones (Diafreo, Terapia Cr\u00e1neo-Sacral, Osteopat\u00eda Bioenerg\u00e9tica, Masaje Infantil, Atenci\u00f3n Temprana y Constelaciones Familiares\u2026)<\/p><p class=\"western\" style=\"text-align: left;\" align=\"justify\">Este recorrido nos permite ofrecer un acompa\u00f1amiento global que abarca lo cognitivo, lo corporal, lo emocional, y lo relacional sin perder de vista tambi\u00e9n el contexto escolar, social y la vida familiar.<\/p>\t\t\t\t\t\t\t\t<\/div>\n\t\t\t\t<\/div>\n\t\t\t\t<\/div>\n\t\t<div class=\"elementor-element elementor-element-551b360 e-con-full e-flex e-con e-child\" data-id=\"551b360\" data-element_type=\"container\" data-e-type=\"container\" data-settings=\"{&quot;background_background&quot;:&quot;classic&quot;}\">\n\t\t\t\t<div class=\"elementor-element elementor-element-b43407e elementor-widget elementor-widget-spacer\" data-id=\"b43407e\" data-element_type=\"widget\" data-e-type=\"widget\" data-widget_type=\"spacer.default\">\n\t\t\t\t<div class=\"elementor-widget-container\">\n\t\t\t\t\t\t\t<div class=\"elementor-spacer\">\n\t\t\t<div class=\"elementor-spacer-inner\"><\/div>\n\t\t<\/div>\n\t\t\t\t\t\t<\/div>\n\t\t\t\t<\/div>\n\t\t\t\t<\/div>\n\t\t\t\t\t<\/div>\n\t\t\t\t<\/div>\n\t\t<div class=\"elementor-element elementor-element-2574dc1 e-flex e-con-boxed e-con e-parent\" data-id=\"2574dc1\" data-element_type=\"container\" data-e-type=\"container\" data-settings=\"{&quot;background_background&quot;:&quot;classic&quot;}\">\n\t\t\t\t\t<div class=\"e-con-inner\">\n\t\t<div class=\"elementor-element elementor-element-1c74c87 e-con-full e-flex e-con e-child\" data-id=\"1c74c87\" data-element_type=\"container\" data-e-type=\"container\">\n\t\t\t\t<div class=\"elementor-element elementor-element-d204fa0 elementor-widget__width-auto elementor-widget elementor-widget-heading\" data-id=\"d204fa0\" data-element_type=\"widget\" data-e-type=\"widget\" data-settings=\"{&quot;_animation_mobile&quot;:&quot;none&quot;}\" data-widget_type=\"heading.default\">\n\t\t\t\t<div class=\"elementor-widget-container\">\n\t\t\t\t\t<div class=\"elementor-heading-title elementor-size-default\">Nuestra filosof\u00eda<\/div>\t\t\t\t<\/div>\n\t\t\t\t<\/div>\n\t\t\t\t<div class=\"elementor-element elementor-element-75c8594 elementor-widget elementor-widget-text-editor\" data-id=\"75c8594\" data-element_type=\"widget\" data-e-type=\"widget\" data-widget_type=\"text-editor.default\">\n\t\t\t\t<div class=\"elementor-widget-container\">\n\t\t\t\t\t\t\t\t\t<p class=\"western\" style=\"text-align: left;\" align=\"justify\">Trabajamos desde una perspectiva sist\u00e9mica e integradora, que contempla a la persona en su totalidad: cuerpo, mente, emoci\u00f3n, historia, v\u00ednculos y entorno. Entendemos que cada vivencia se construye dentro de una red de relaciones e influencias, por lo que nuestras intervenciones tienen en cuenta el contexto particular de cada individuo y cada familia.<\/p><p class=\"western\" style=\"text-align: left;\" align=\"justify\">Creemos en la potencia de la relaci\u00f3n, el juego, el movimiento y la escucha como ejes fundamentales para el desarrollo y el bienestar.<\/p>\t\t\t\t\t\t\t\t<\/div>\n\t\t\t\t<\/div>\n\t\t\t\t<\/div>\n\t\t<div class=\"elementor-element elementor-element-8e68c05 e-con-full e-flex e-con e-child\" data-id=\"8e68c05\" data-element_type=\"container\" data-e-type=\"container\" data-settings=\"{&quot;background_background&quot;:&quot;classic&quot;}\">\n\t\t\t\t<div class=\"elementor-element elementor-element-f6d796b elementor-widget elementor-widget-spacer\" data-id=\"f6d796b\" data-element_type=\"widget\" data-e-type=\"widget\" data-widget_type=\"spacer.default\">\n\t\t\t\t<div class=\"elementor-widget-container\">\n\t\t\t\t\t\t\t<div class=\"elementor-spacer\">\n\t\t\t<div class=\"elementor-spacer-inner\"><\/div>\n\t\t<\/div>\n\t\t\t\t\t\t<\/div>\n\t\t\t\t<\/div>\n\t\t\t\t<\/div>\n\t\t\t\t\t<\/div>\n\t\t\t\t<\/div>\n\t\t<div class=\"elementor-element elementor-element-491ca31 e-flex e-con-boxed e-con e-parent\" data-id=\"491ca31\" data-element_type=\"container\" data-e-type=\"container\" data-settings=\"{&quot;background_background&quot;:&quot;classic&quot;}\">\n\t\t\t\t\t<div class=\"e-con-inner\">\n\t\t<div class=\"elementor-element elementor-element-076eddd e-con-full e-flex e-con e-child\" data-id=\"076eddd\" data-element_type=\"container\" data-e-type=\"container\" data-settings=\"{&quot;background_background&quot;:&quot;classic&quot;}\">\n\t\t\t\t<div class=\"elementor-element elementor-element-ece2277 elementor-widget elementor-widget-spacer\" data-id=\"ece2277\" data-element_type=\"widget\" data-e-type=\"widget\" data-widget_type=\"spacer.default\">\n\t\t\t\t<div class=\"elementor-widget-container\">\n\t\t\t\t\t\t\t<div class=\"elementor-spacer\">\n\t\t\t<div class=\"elementor-spacer-inner\"><\/div>\n\t\t<\/div>\n\t\t\t\t\t\t<\/div>\n\t\t\t\t<\/div>\n\t\t\t\t<\/div>\n\t\t<div class=\"elementor-element elementor-element-c7afb7f e-con-full e-flex e-con e-child\" data-id=\"c7afb7f\" data-element_type=\"container\" data-e-type=\"container\">\n\t\t\t\t<div class=\"elementor-element elementor-element-fab5ea0 elementor-widget__width-auto elementor-widget elementor-widget-heading\" data-id=\"fab5ea0\" data-element_type=\"widget\" data-e-type=\"widget\" data-settings=\"{&quot;_animation_mobile&quot;:&quot;none&quot;}\" data-widget_type=\"heading.default\">\n\t\t\t\t<div class=\"elementor-widget-container\">\n\t\t\t\t\t<div class=\"elementor-heading-title elementor-size-default\">Nuestro trabajo<\/div>\t\t\t\t<\/div>\n\t\t\t\t<\/div>\n\t\t\t\t<div class=\"elementor-element elementor-element-fa03bb8 elementor-widget elementor-widget-text-editor\" data-id=\"fa03bb8\" data-element_type=\"widget\" data-e-type=\"widget\" data-widget_type=\"text-editor.default\">\n\t\t\t\t<div class=\"elementor-widget-container\">\n\t\t\t\t\t\t\t\t\t<p class=\"western\" style=\"text-align: left;\" align=\"justify\">En Amalur, la Pr\u00e1ctica Psicomotriz Aucouturier es el centro de nuestro proyecto. A trav\u00e9s de ella acompa\u00f1amos a los ni\u00f1os y ni\u00f1as en su crecimiento y les ofrecemos un espacio seguro y de escucha donde puedan expresar, elaborar y construir desde el cuerpo y el juego. Intervenimos tanto desde un enfoque preventivo (en grupo) como terap\u00e9utico (individual o en peque\u00f1o grupo), ajust\u00e1ndonos a las necesidades de cada etapa y de cada persona.<\/p><p class=\"western\" style=\"text-align: left;\" align=\"justify\">Adem\u00e1s, ofrecemos espacios de acompa\u00f1amiento, orientaci\u00f3n y psicoeducaci\u00f3n dirigidos a madres y padres, con el fin de facilitar las relaciones familiares y apoyar los procesos de crianza.<\/p><p class=\"western\" style=\"text-align: left;\" align=\"justify\">Contamos tambi\u00e9n con servicios de fisioterapia y terapia cr\u00e1neo-sacral infantil, que complementan el acompa\u00f1amiento psicomotor atendiendo las necesidades espec\u00edficas del desarrollo f\u00edsico y emocional de cada individuo.<\/p><p class=\"western\" style=\"text-align: left;\" align=\"justify\">Creemos firmemente en el trabajo en red multidisciplinar. Por eso, estamos abiertos a reunirnos con otras\/os profesionales implicadas\/os en la evoluci\u00f3n de las ni\u00f1as y ni\u00f1os, perfiles del \u00e1mbito educativo, sanitario o social. Estas colaboraciones nos permiten construir una mirada compartida y coherente que multiplica el efecto positivo del acompa\u00f1amiento.<\/p><p class=\"western\" style=\"text-align: left;\" align=\"justify\">Nos mantenemos en formaci\u00f3n constante, tanto profesional como personalmente, porque creemos que el acompa\u00f1amiento nace tambi\u00e9n de un proceso de coherencia y crecimiento propio.<\/p>\t\t\t\t\t\t\t\t<\/div>\n\t\t\t\t<\/div>\n\t\t\t\t<\/div>\n\t\t\t\t\t<\/div>\n\t\t\t\t<\/div>\n\t\t<div class=\"elementor-element elementor-element-6004584 e-flex e-con-boxed e-con e-parent\" data-id=\"6004584\" data-element_type=\"container\" data-e-type=\"container\" data-settings=\"{&quot;background_background&quot;:&quot;classic&quot;}\">\n\t\t\t\t\t<div class=\"e-con-inner\">\n\t\t<div class=\"elementor-element elementor-element-2d695fa e-con-full e-flex e-con e-child\" data-id=\"2d695fa\" data-element_type=\"container\" data-e-type=\"container\">\n\t\t\t\t<div class=\"elementor-element elementor-element-a9a27e8 elementor-widget__width-auto elementor-widget elementor-widget-heading\" data-id=\"a9a27e8\" data-element_type=\"widget\" data-e-type=\"widget\" data-settings=\"{&quot;_animation_mobile&quot;:&quot;none&quot;}\" data-widget_type=\"heading.default\">\n\t\t\t\t<div class=\"elementor-widget-container\">\n\t\t\t\t\t<div class=\"elementor-heading-title elementor-size-default\">Nuestro espacio<\/div>\t\t\t\t<\/div>\n\t\t\t\t<\/div>\n\t\t\t\t<div class=\"elementor-element elementor-element-8df779c elementor-widget elementor-widget-text-editor\" data-id=\"8df779c\" data-element_type=\"widget\" data-e-type=\"widget\" data-widget_type=\"text-editor.default\">\n\t\t\t\t<div class=\"elementor-widget-container\">\n\t\t\t\t\t\t\t\t\t<p class=\"western\" style=\"text-align: left;\" align=\"justify\">El coraz\u00f3n de nuestro trabajo es la sala de psicomotricidad: un espacio vivo, cuidadosamente preparado para favorecer la expresi\u00f3n libre y segura. Colchonetas, t\u00faneles, bloques, pelotas, cuerdas\u2026 todo invita al juego, al movimiento y a la creaci\u00f3n. Y m\u00e1s all\u00e1 del material, lo que realmente sostiene la experiencia es el\/la profesional que acompa\u00f1a el proceso y da sentido a lo que ocurre en la sala.<\/p><p class=\"western\" align=\"justify\">Nuestro centro cuenta con cuatro espacios de trabajo: dos salas de psicomotricidad, una sala adaptada a diferentes necesidades, y una sala de reuniones que nos permite encontrarnos con las familias y otros profesionales. Cuidamos cada rinc\u00f3n del espacio con mimo, conscientes de que el entorno tambi\u00e9n comunica, acoge y sostiene los procesos.<\/p>\t\t\t\t\t\t\t\t<\/div>\n\t\t\t\t<\/div>\n\t\t\t\t<\/div>\n\t\t<div class=\"elementor-element elementor-element-e647453 e-con-full e-flex e-con e-child\" data-id=\"e647453\" data-element_type=\"container\" data-e-type=\"container\" data-settings=\"{&quot;background_background&quot;:&quot;classic&quot;}\">\n\t\t\t\t<div class=\"elementor-element elementor-element-f9e9b6d elementor-widget elementor-widget-spacer\" data-id=\"f9e9b6d\" data-element_type=\"widget\" data-e-type=\"widget\" data-widget_type=\"spacer.default\">\n\t\t\t\t<div class=\"elementor-widget-container\">\n\t\t\t\t\t\t\t<div class=\"elementor-spacer\">\n\t\t\t<div class=\"elementor-spacer-inner\"><\/div>\n\t\t<\/div>\n\t\t\t\t\t\t<\/div>\n\t\t\t\t<\/div>\n\t\t\t\t<\/div>\n\t\t\t\t\t<\/div>\n\t\t\t\t<\/div>\n\t\t<div class=\"elementor-element elementor-element-97fd067 e-flex e-con-boxed e-con e-parent\" data-id=\"97fd067\" data-element_type=\"container\" data-e-type=\"container\" data-settings=\"{&quot;background_background&quot;:&quot;classic&quot;}\">\n\t\t\t\t\t<div class=\"e-con-inner\">\n\t\t<div class=\"elementor-element elementor-element-e20469e e-con-full e-flex e-con e-child\" data-id=\"e20469e\" data-element_type=\"container\" data-e-type=\"container\">\n\t\t\t\t<div class=\"elementor-element elementor-element-6d4f3bc elementor-widget elementor-widget-heading\" data-id=\"6d4f3bc\" data-element_type=\"widget\" data-e-type=\"widget\" data-widget_type=\"heading.default\">\n\t\t\t\t<div class=\"elementor-widget-container\">\n\t\t\t\t\t<h2 class=\"elementor-heading-title elementor-size-default\">Informa zaitez konpromisorik gabe<\/h2>\t\t\t\t<\/div>\n\t\t\t\t<\/div>\n\t\t\t\t<\/div>\n\t\t<div class=\"elementor-element elementor-element-3021aa6 e-con-full e-flex e-con e-child\" data-id=\"3021aa6\" data-element_type=\"container\" data-e-type=\"container\">\n\t\t\t\t<div class=\"elementor-element elementor-element-835fc9b elementor-align-justify elementor-mobile-align-center elementor-widget elementor-widget-button\" data-id=\"835fc9b\" data-element_type=\"widget\" data-e-type=\"widget\" data-widget_type=\"button.default\">\n\t\t\t\t<div class=\"elementor-widget-container\">\n\t\t\t\t\t\t\t\t\t<div class=\"elementor-button-wrapper\">\n\t\t\t\t\t<a class=\"elementor-button elementor-button-link elementor-size-sm elementor-animation-grow\" href=\"https:\/\/amalurpsicomotricidad.com\/eu\/contacto\/\">\n\t\t\t\t\t\t<span class=\"elementor-button-content-wrapper\">\n\t\t\t\t\t\t\t\t\t<span class=\"elementor-button-text\">Kontaktua<\/span>\n\t\t\t\t\t<\/span>\n\t\t\t\t\t<\/a>\n\t\t\t\t<\/div>\n\t\t\t\t\t\t\t\t<\/div>\n\t\t\t\t<\/div>\n\t\t\t\t<\/div>\n\t\t\t\t\t<\/div>\n\t\t\t\t<\/div>\n\t\t\t\t<\/div>","protected":false},"excerpt":{"rendered":"<p>Historia y recorrido Amalur naci\u00f3 en 2011 como un espacio de acompa\u00f1amiento respetuoso a la maternidad y la crianza, y desde entonces no ha dejado de evolucionar. En la actualidad Amalur es un centro de acompa\u00f1amiento al desarrollo global individual y familiar. Nuestro equipo Somos un grupo de profesionales formado y con experiencia en la [&hellip;]<\/p>\n","protected":false},"author":1,"featured_media":0,"parent":0,"menu_order":0,"comment_status":"closed","ping_status":"closed","template":"elementor_canvas","meta":{"footnotes":""},"class_list":["post-15","page","type-page","status-publish","hentry"],"yoast_head":"<!-- This site is optimized with the Yoast SEO plugin v27.3 - https:\/\/yoast.com\/product\/yoast-seo-wordpress\/ -->\n<title>Qui\u00e9nes Somos - Amalur<\/title>\n<meta name=\"robots\" content=\"index, follow, max-snippet:-1, max-image-preview:large, max-video-preview:-1\" \/>\n<link rel=\"canonical\" href=\"https:\/\/amalurpsicomotricidad.com\/eu\/quienes-somos\/\" \/>\n<meta property=\"og:locale\" content=\"en_US\" \/>\n<meta property=\"og:type\" content=\"article\" \/>\n<meta property=\"og:title\" content=\"Qui\u00e9nes Somos - Amalur\" \/>\n<meta property=\"og:description\" content=\"Historia y recorrido Amalur naci\u00f3 en 2011 como un espacio de acompa\u00f1amiento respetuoso a la maternidad y la crianza, y desde entonces no ha dejado de evolucionar. En la actualidad Amalur es un centro de acompa\u00f1amiento al desarrollo global individual y familiar. Nuestro equipo Somos un grupo de profesionales formado y con experiencia en la [&hellip;]\" \/>\n<meta property=\"og:url\" content=\"https:\/\/amalurpsicomotricidad.com\/eu\/quienes-somos\/\" \/>\n<meta property=\"og:site_name\" content=\"Amalur\" \/>\n<meta property=\"article:modified_time\" content=\"2026-01-13T16:09:07+00:00\" \/>\n<meta name=\"twitter:card\" content=\"summary_large_image\" \/>\n<meta name=\"twitter:label1\" content=\"Est. reading time\" \/>\n\t<meta name=\"twitter:data1\" content=\"3 minutua\" \/>\n<script type=\"application\/ld+json\" class=\"yoast-schema-graph\">{\"@context\":\"https:\\\/\\\/schema.org\",\"@graph\":[{\"@type\":\"WebPage\",\"@id\":\"https:\\\/\\\/amalurpsicomotricidad.com\\\/quienes-somos\\\/\",\"url\":\"https:\\\/\\\/amalurpsicomotricidad.com\\\/quienes-somos\\\/\",\"name\":\"Qui\u00e9nes Somos - Amalur\",\"isPartOf\":{\"@id\":\"https:\\\/\\\/amalurpsicomotricidad.com\\\/#website\"},\"datePublished\":\"2025-03-05T16:04:08+00:00\",\"dateModified\":\"2026-01-13T16:09:07+00:00\",\"breadcrumb\":{\"@id\":\"https:\\\/\\\/amalurpsicomotricidad.com\\\/quienes-somos\\\/#breadcrumb\"},\"inLanguage\":\"eu\",\"potentialAction\":[{\"@type\":\"ReadAction\",\"target\":[\"https:\\\/\\\/amalurpsicomotricidad.com\\\/quienes-somos\\\/\"]}]},{\"@type\":\"BreadcrumbList\",\"@id\":\"https:\\\/\\\/amalurpsicomotricidad.com\\\/quienes-somos\\\/#breadcrumb\",\"itemListElement\":[{\"@type\":\"ListItem\",\"position\":1,\"name\":\"Portada\",\"item\":\"https:\\\/\\\/amalurpsicomotricidad.com\\\/\"},{\"@type\":\"ListItem\",\"position\":2,\"name\":\"Qui\u00e9nes Somos\"}]},{\"@type\":\"WebSite\",\"@id\":\"https:\\\/\\\/amalurpsicomotricidad.com\\\/#website\",\"url\":\"https:\\\/\\\/amalurpsicomotricidad.com\\\/\",\"name\":\"Amalur\",\"description\":\"\",\"publisher\":{\"@id\":\"https:\\\/\\\/amalurpsicomotricidad.com\\\/#organization\"},\"potentialAction\":[{\"@type\":\"SearchAction\",\"target\":{\"@type\":\"EntryPoint\",\"urlTemplate\":\"https:\\\/\\\/amalurpsicomotricidad.com\\\/?s={search_term_string}\"},\"query-input\":{\"@type\":\"PropertyValueSpecification\",\"valueRequired\":true,\"valueName\":\"search_term_string\"}}],\"inLanguage\":\"eu\"},{\"@type\":\"Organization\",\"@id\":\"https:\\\/\\\/amalurpsicomotricidad.com\\\/#organization\",\"name\":\"Amalur\",\"url\":\"https:\\\/\\\/amalurpsicomotricidad.com\\\/\",\"logo\":{\"@type\":\"ImageObject\",\"inLanguage\":\"eu\",\"@id\":\"https:\\\/\\\/amalurpsicomotricidad.com\\\/#\\\/schema\\\/logo\\\/image\\\/\",\"url\":\"https:\\\/\\\/amalurpsicomotricidad.com\\\/wp-content\\\/uploads\\\/2025\\\/03\\\/cropped-Captura_desde_2025-03-05_12-10-13-removebg-preview.png\",\"contentUrl\":\"https:\\\/\\\/amalurpsicomotricidad.com\\\/wp-content\\\/uploads\\\/2025\\\/03\\\/cropped-Captura_desde_2025-03-05_12-10-13-removebg-preview.png\",\"width\":534,\"height\":362,\"caption\":\"Amalur\"},\"image\":{\"@id\":\"https:\\\/\\\/amalurpsicomotricidad.com\\\/#\\\/schema\\\/logo\\\/image\\\/\"}}]}<\/script>\n<!-- \/ Yoast SEO plugin. -->","yoast_head_json":{"title":"Qui\u00e9nes Somos - Amalur","robots":{"index":"index","follow":"follow","max-snippet":"max-snippet:-1","max-image-preview":"max-image-preview:large","max-video-preview":"max-video-preview:-1"},"canonical":"https:\/\/amalurpsicomotricidad.com\/eu\/quienes-somos\/","og_locale":"en_US","og_type":"article","og_title":"Qui\u00e9nes Somos - Amalur","og_description":"Historia y recorrido Amalur naci\u00f3 en 2011 como un espacio de acompa\u00f1amiento respetuoso a la maternidad y la crianza, y desde entonces no ha dejado de evolucionar. En la actualidad Amalur es un centro de acompa\u00f1amiento al desarrollo global individual y familiar. Nuestro equipo Somos un grupo de profesionales formado y con experiencia en la [&hellip;]","og_url":"https:\/\/amalurpsicomotricidad.com\/eu\/quienes-somos\/","og_site_name":"Amalur","article_modified_time":"2026-01-13T16:09:07+00:00","twitter_card":"summary_large_image","twitter_misc":{"Est. reading time":"3 minutua"},"schema":{"@context":"https:\/\/schema.org","@graph":[{"@type":"WebPage","@id":"https:\/\/amalurpsicomotricidad.com\/quienes-somos\/","url":"https:\/\/amalurpsicomotricidad.com\/quienes-somos\/","name":"Qui\u00e9nes Somos - Amalur","isPartOf":{"@id":"https:\/\/amalurpsicomotricidad.com\/#website"},"datePublished":"2025-03-05T16:04:08+00:00","dateModified":"2026-01-13T16:09:07+00:00","breadcrumb":{"@id":"https:\/\/amalurpsicomotricidad.com\/quienes-somos\/#breadcrumb"},"inLanguage":"eu","potentialAction":[{"@type":"ReadAction","target":["https:\/\/amalurpsicomotricidad.com\/quienes-somos\/"]}]},{"@type":"BreadcrumbList","@id":"https:\/\/amalurpsicomotricidad.com\/quienes-somos\/#breadcrumb","itemListElement":[{"@type":"ListItem","position":1,"name":"Portada","item":"https:\/\/amalurpsicomotricidad.com\/"},{"@type":"ListItem","position":2,"name":"Qui\u00e9nes Somos"}]},{"@type":"WebSite","@id":"https:\/\/amalurpsicomotricidad.com\/#website","url":"https:\/\/amalurpsicomotricidad.com\/","name":"Amalur","description":"","publisher":{"@id":"https:\/\/amalurpsicomotricidad.com\/#organization"},"potentialAction":[{"@type":"SearchAction","target":{"@type":"EntryPoint","urlTemplate":"https:\/\/amalurpsicomotricidad.com\/?s={search_term_string}"},"query-input":{"@type":"PropertyValueSpecification","valueRequired":true,"valueName":"search_term_string"}}],"inLanguage":"eu"},{"@type":"Organization","@id":"https:\/\/amalurpsicomotricidad.com\/#organization","name":"Amalur","url":"https:\/\/amalurpsicomotricidad.com\/","logo":{"@type":"ImageObject","inLanguage":"eu","@id":"https:\/\/amalurpsicomotricidad.com\/#\/schema\/logo\/image\/","url":"https:\/\/amalurpsicomotricidad.com\/wp-content\/uploads\/2025\/03\/cropped-Captura_desde_2025-03-05_12-10-13-removebg-preview.png","contentUrl":"https:\/\/amalurpsicomotricidad.com\/wp-content\/uploads\/2025\/03\/cropped-Captura_desde_2025-03-05_12-10-13-removebg-preview.png","width":534,"height":362,"caption":"Amalur"},"image":{"@id":"https:\/\/amalurpsicomotricidad.com\/#\/schema\/logo\/image\/"}}]}},"_links":{"self":[{"href":"https:\/\/amalurpsicomotricidad.com\/eu\/wp-json\/wp\/v2\/pages\/15","targetHints":{"allow":["GET"]}}],"collection":[{"href":"https:\/\/amalurpsicomotricidad.com\/eu\/wp-json\/wp\/v2\/pages"}],"about":[{"href":"https:\/\/amalurpsicomotricidad.com\/eu\/wp-json\/wp\/v2\/types\/page"}],"author":[{"embeddable":true,"href":"https:\/\/amalurpsicomotricidad.com\/eu\/wp-json\/wp\/v2\/users\/1"}],"replies":[{"embeddable":true,"href":"https:\/\/amalurpsicomotricidad.com\/eu\/wp-json\/wp\/v2\/comments?post=15"}],"version-history":[{"count":662,"href":"https:\/\/amalurpsicomotricidad.com\/eu\/wp-json\/wp\/v2\/pages\/15\/revisions"}],"predecessor-version":[{"id":5344,"href":"https:\/\/amalurpsicomotricidad.com\/eu\/wp-json\/wp\/v2\/pages\/15\/revisions\/5344"}],"wp:attachment":[{"href":"https:\/\/amalurpsicomotricidad.com\/eu\/wp-json\/wp\/v2\/media?parent=15"}],"curies":[{"name":"wp","href":"https:\/\/api.w.org\/{rel}","templated":true}]}}